{"id":347,"date":"2024-02-28T23:00:15","date_gmt":"2024-02-29T02:00:15","guid":{"rendered":"https:\/\/sergiodamaso.com.br\/?page_id=347"},"modified":"2024-03-16T21:45:58","modified_gmt":"2024-03-17T00:45:58","slug":"dois-destinos-cruzados","status":"publish","type":"page","link":"https:\/\/sergiodamaso.com.br\/index.php\/dois-destinos-cruzados\/","title":{"rendered":"DOIS DESTINOS CRUZADOS"},"content":{"rendered":"\n<figure class=\"wp-block-audio\"><audio controls src=\"https:\/\/sergiodamaso.com.br\/wp-content\/uploads\/2024\/02\/Dois-destinos-cruzados-.mp3\"><\/audio><\/figure>\n\n\n\n<p><strong><em>Mongol &amp; S\u00e9rgio D\u00e2maso<\/em><\/strong><\/p>\n\n\n\n<p>Eram dois destinos cruzados<\/p>\n\n\n\n<p>costurados de uma inoc\u00eancia capela<\/p>\n\n\n\n<p>em pontos alinhavando<\/p>\n\n\n\n<p>a do\u00e7ura do sorriso dela.<\/p>\n\n\n\n<p>O brilho dos olhos mostrava<\/p>\n\n\n\n<p>as paix\u00f5es escritas em bico de ouro<\/p>\n\n\n\n<p>arriscando um s\u00f3 amor<\/p>\n\n\n\n<p>desvendando o tesouro.<\/p>\n\n\n\n<p>Em nossos corpos ardentes desnudos dementes<\/p>\n\n\n\n<p>de um pensamento febril bem poderia voltar<\/p>\n\n\n\n<p>aquele tempo menino aquele dia de abril<\/p>\n\n\n\n<p>aquele abra\u00e7o pequeno nem por isso menos o tempo apagar.<\/p>\n\n\n\n<p>Como \u00e9 doce morrer e viver de amor<\/p>\n\n\n\n<p>t\u00e3o gostoso lembrar.<\/p>\n","protected":false},"excerpt":{"rendered":"<p>Mongol &amp; S\u00e9rgio D\u00e2maso Eram dois destinos cruzados costurados de uma inoc\u00eancia capela em pontos alinhavando a do\u00e7ura do sorriso dela. O brilho dos olhos mostrava as paix\u00f5es escritas em bico de ouro arriscando um s\u00f3 amor desvendando o tesouro. Em nossos corpos ardentes desnudos dementes de um pensamento febril bem poderia voltar aquele tempo [&hellip;]<\/p>\n","protected":false},"author":1,"featured_media":0,"parent":0,"menu_order":0,"comment_status":"closed","ping_status":"closed","template":"","meta":[],"_links":{"self":[{"href":"https:\/\/sergiodamaso.com.br\/index.php\/wp-json\/wp\/v2\/pages\/347"}],"collection":[{"href":"https:\/\/sergiodamaso.com.br\/index.php\/wp-json\/wp\/v2\/pages"}],"about":[{"href":"https:\/\/sergiodamaso.com.br\/index.php\/wp-json\/wp\/v2\/types\/page"}],"author":[{"embeddable":true,"href":"https:\/\/sergiodamaso.com.br\/index.php\/wp-json\/wp\/v2\/users\/1"}],"replies":[{"embeddable":true,"href":"https:\/\/sergiodamaso.com.br\/index.php\/wp-json\/wp\/v2\/comments?post=347"}],"version-history":[{"count":2,"href":"https:\/\/sergiodamaso.com.br\/index.php\/wp-json\/wp\/v2\/pages\/347\/revisions"}],"predecessor-version":[{"id":904,"href":"https:\/\/sergiodamaso.com.br\/index.php\/wp-json\/wp\/v2\/pages\/347\/revisions\/904"}],"wp:attachment":[{"href":"https:\/\/sergiodamaso.com.br\/index.php\/wp-json\/wp\/v2\/media?parent=347"}],"curies":[{"name":"wp","href":"https:\/\/api.w.org\/{rel}","templated":true}]}}