{"id":341,"date":"2024-02-28T22:56:52","date_gmt":"2024-02-29T01:56:52","guid":{"rendered":"https:\/\/sergiodamaso.com.br\/?page_id=341"},"modified":"2024-03-16T21:40:50","modified_gmt":"2024-03-17T00:40:50","slug":"decorei-voce","status":"publish","type":"page","link":"https:\/\/sergiodamaso.com.br\/index.php\/decorei-voce\/","title":{"rendered":"DECOREI VOC\u00ca"},"content":{"rendered":"\n<figure class=\"wp-block-audio\"><audio controls src=\"https:\/\/sergiodamaso.com.br\/wp-content\/uploads\/2024\/02\/Decorei-voce.mp3\"><\/audio><\/figure>\n\n\n\n<p><strong><em>Mongol &amp; S\u00e9rgio D\u00e2maso<\/em><\/strong><\/p>\n\n\n\n<p>Voc\u00ea pode tentar esquecer<\/p>\n\n\n\n<p>voc\u00ea pode at\u00e9 n\u00e3o lembrar<\/p>\n\n\n\n<p>mas juro eu decorei voc\u00ea<\/p>\n\n\n\n<p>da cabe\u00e7a aos p\u00e9s.<\/p>\n\n\n\n<p>E eu me lambuzei de voc\u00ea<\/p>\n\n\n\n<p>colei me impregnei em voc\u00ea<\/p>\n\n\n\n<p>xeroquei seu cora\u00e7\u00e3o<\/p>\n\n\n\n<p>registrei seu beijo.<\/p>\n\n\n\n<p>Seu olhar nunca esqueci<\/p>\n\n\n\n<p>seu fogo nunca apaguei<\/p>\n\n\n\n<p>no meu cora\u00e7\u00e3o<\/p>\n\n\n\n<p>mas por que apagar.<\/p>\n\n\n\n<p>Nosso amor nossa paix\u00e3o<\/p>\n\n\n\n<p>nossos beijos e abra\u00e7os<\/p>\n\n\n\n<p>n\u00e3o vou esquecer voc\u00ea<\/p>\n\n\n\n<p>eu n\u00e3o vou.<\/p>\n","protected":false},"excerpt":{"rendered":"<p>Mongol &amp; S\u00e9rgio D\u00e2maso Voc\u00ea pode tentar esquecer voc\u00ea pode at\u00e9 n\u00e3o lembrar mas juro eu decorei voc\u00ea da cabe\u00e7a aos p\u00e9s. E eu me lambuzei de voc\u00ea colei me impregnei em voc\u00ea xeroquei seu cora\u00e7\u00e3o registrei seu beijo. Seu olhar nunca esqueci seu fogo nunca apaguei no meu cora\u00e7\u00e3o mas por que apagar. Nosso [&hellip;]<\/p>\n","protected":false},"author":1,"featured_media":0,"parent":0,"menu_order":0,"comment_status":"closed","ping_status":"closed","template":"","meta":[],"_links":{"self":[{"href":"https:\/\/sergiodamaso.com.br\/index.php\/wp-json\/wp\/v2\/pages\/341"}],"collection":[{"href":"https:\/\/sergiodamaso.com.br\/index.php\/wp-json\/wp\/v2\/pages"}],"about":[{"href":"https:\/\/sergiodamaso.com.br\/index.php\/wp-json\/wp\/v2\/types\/page"}],"author":[{"embeddable":true,"href":"https:\/\/sergiodamaso.com.br\/index.php\/wp-json\/wp\/v2\/users\/1"}],"replies":[{"embeddable":true,"href":"https:\/\/sergiodamaso.com.br\/index.php\/wp-json\/wp\/v2\/comments?post=341"}],"version-history":[{"count":2,"href":"https:\/\/sergiodamaso.com.br\/index.php\/wp-json\/wp\/v2\/pages\/341\/revisions"}],"predecessor-version":[{"id":902,"href":"https:\/\/sergiodamaso.com.br\/index.php\/wp-json\/wp\/v2\/pages\/341\/revisions\/902"}],"wp:attachment":[{"href":"https:\/\/sergiodamaso.com.br\/index.php\/wp-json\/wp\/v2\/media?parent=341"}],"curies":[{"name":"wp","href":"https:\/\/api.w.org\/{rel}","templated":true}]}}