{"id":315,"date":"2024-02-25T14:34:17","date_gmt":"2024-02-25T17:34:17","guid":{"rendered":"https:\/\/sergiodamaso.com.br\/?page_id=315"},"modified":"2024-03-16T21:38:10","modified_gmt":"2024-03-17T00:38:10","slug":"corre-corre-no-quintal","status":"publish","type":"page","link":"https:\/\/sergiodamaso.com.br\/index.php\/corre-corre-no-quintal\/","title":{"rendered":"CORRE-CORRE NO QUINTAL"},"content":{"rendered":"\n<figure class=\"wp-block-audio\"><audio controls src=\"https:\/\/sergiodamaso.com.br\/wp-content\/uploads\/2024\/02\/Corre-Corre-no-quintal.mp3\"><\/audio><\/figure>\n\n\n\n<p><strong><em>M\u00fasica: Mongol<\/em><\/strong><\/p>\n\n\n\n<p><strong><em>Letra: S\u00e9rgio D\u00e2maso<\/em><\/strong><\/p>\n\n\n\n<p>Introdu\u00e7\u00e3o: F&nbsp; G&nbsp; Em&nbsp; Am Dm7&nbsp; G&nbsp; C<\/p>\n\n\n\n<p>&nbsp;&nbsp;&nbsp; C<\/p>\n\n\n\n<p>O galo cocor\u00f3 no quintal<\/p>\n\n\n\n<p>&nbsp;&nbsp;&nbsp;&nbsp;&nbsp;&nbsp;&nbsp;&nbsp;&nbsp;&nbsp;&nbsp;&nbsp;&nbsp; C#\u00ba&nbsp;&nbsp;&nbsp; Dm7 A7<\/p>\n\n\n\n<p>O pinto&nbsp;&nbsp; &nbsp;morreu<\/p>\n\n\n\n<p>&nbsp;&nbsp;&nbsp;&nbsp;&nbsp;&nbsp;&nbsp; Dm&nbsp;&nbsp; Dm7M<\/p>\n\n\n\n<p>A coruja acordou<\/p>\n\n\n\n<p>&nbsp;&nbsp;&nbsp;&nbsp; Dm7<\/p>\n\n\n\n<p>O pato ficou perdido<\/p>\n\n\n\n<p>&nbsp;&nbsp;&nbsp;&nbsp; G&nbsp;&nbsp;&nbsp;&nbsp;&nbsp;&nbsp;&nbsp;&nbsp;&nbsp;&nbsp;&nbsp;&nbsp;&nbsp;&nbsp; C&nbsp;&nbsp; G\/B&nbsp; Dm7&nbsp; G<\/p>\n\n\n\n<p>E deu no que deu.<\/p>\n\n\n\n<p>C<\/p>\n\n\n\n<p>Foi um carnaval<\/p>\n\n\n\n<p>C<\/p>\n\n\n\n<p>Um corre-corre no terreiro<\/p>\n\n\n\n<p>&nbsp;&nbsp;&nbsp;&nbsp;&nbsp;&nbsp;&nbsp;&nbsp;&nbsp;&nbsp;&nbsp; Gm7&nbsp;&nbsp;&nbsp;&nbsp;&nbsp;&nbsp;&nbsp; C7\/9&nbsp;&nbsp;&nbsp;&nbsp; F<\/p>\n\n\n\n<p>Sem saber aonde ir at\u00e9 o ganso dan\u00e7ou<\/p>\n\n\n\n<p>&nbsp;&nbsp;&nbsp;&nbsp;&nbsp; F#\u00ba&nbsp;&nbsp;&nbsp;&nbsp;&nbsp;&nbsp;&nbsp;&nbsp;&nbsp;&nbsp;&nbsp;&nbsp;&nbsp;&nbsp;&nbsp;&nbsp;&nbsp;&nbsp;&nbsp;&nbsp;&nbsp;&nbsp;&nbsp;&nbsp;&nbsp;&nbsp;&nbsp;&nbsp;&nbsp; Em&nbsp;<\/p>\n\n\n\n<p>Coitada da galinha que saiu do ninho<\/p>\n\n\n\n<p>A7&nbsp;&nbsp;&nbsp;&nbsp;&nbsp;&nbsp;&nbsp;&nbsp;&nbsp;&nbsp;&nbsp;&nbsp;&nbsp;&nbsp; Dm7&nbsp;&nbsp;&nbsp;&nbsp;&nbsp;&nbsp;&nbsp;&nbsp;&nbsp;&nbsp;&nbsp; G&nbsp;&nbsp;&nbsp;&nbsp;&nbsp;&nbsp;&nbsp;&nbsp;&nbsp;&nbsp;&nbsp;&nbsp;&nbsp;&nbsp;&nbsp;&nbsp;&nbsp;&nbsp;&nbsp;&nbsp;&nbsp; C<\/p>\n\n\n\n<p>Pra ver a bagun\u00e7a que o papagaio anunciou.<\/p>\n\n\n\n<p>Dm7&nbsp;&nbsp;&nbsp;&nbsp;&nbsp;&nbsp;&nbsp;&nbsp;&nbsp;&nbsp;&nbsp;&nbsp;&nbsp;&nbsp;&nbsp;&nbsp;&nbsp;&nbsp;&nbsp;&nbsp;&nbsp; G&nbsp;&nbsp;&nbsp;&nbsp;&nbsp;&nbsp;&nbsp;&nbsp;&nbsp;&nbsp;&nbsp;&nbsp;&nbsp;&nbsp;&nbsp; C<\/p>\n\n\n\n<p>Corre-corre, corre-corre que o bicho vai pegar<\/p>\n\n\n\n<p>&nbsp;&nbsp;&nbsp;&nbsp;&nbsp;&nbsp;&nbsp;&nbsp; Bm7\/5-&nbsp;&nbsp;&nbsp;&nbsp;&nbsp;&nbsp; E7&nbsp;&nbsp;&nbsp;&nbsp;&nbsp;&nbsp;&nbsp;&nbsp;&nbsp;&nbsp;&nbsp;&nbsp;&nbsp;&nbsp; Am7&nbsp;&nbsp;&nbsp; Abm7&nbsp; Gm7&nbsp; C7\/9<\/p>\n\n\n\n<p>O gavi\u00e3o est\u00e1 de olho querendo &nbsp;&nbsp;&nbsp;&nbsp;&nbsp;&nbsp;&nbsp;&nbsp;&nbsp;&nbsp;&nbsp;&nbsp;&nbsp;fisgar.<\/p>\n\n\n\n<p>Dm7&nbsp;&nbsp;&nbsp;&nbsp;&nbsp;&nbsp;&nbsp;&nbsp;&nbsp;&nbsp;&nbsp;&nbsp;&nbsp;&nbsp;&nbsp;&nbsp;&nbsp;&nbsp;&nbsp;&nbsp;&nbsp; G&nbsp;&nbsp;&nbsp;&nbsp;&nbsp;&nbsp;&nbsp;&nbsp;&nbsp;&nbsp;&nbsp;&nbsp;&nbsp;&nbsp;&nbsp; C<\/p>\n\n\n\n<p>Corre-corre, corre-corre que o bicho vai pegar<\/p>\n\n\n\n<p>&nbsp;&nbsp;&nbsp;&nbsp;&nbsp;&nbsp;&nbsp;&nbsp; Dm7&nbsp;&nbsp;&nbsp;&nbsp;&nbsp;&nbsp;&nbsp;&nbsp;&nbsp;&nbsp; G&nbsp;&nbsp;&nbsp;&nbsp;&nbsp;&nbsp;&nbsp;&nbsp;&nbsp;&nbsp;&nbsp;&nbsp;&nbsp;&nbsp;&nbsp;&nbsp; C<\/p>\n\n\n\n<p>O gavi\u00e3o est\u00e1 de olho querendo fisgar.<\/p>\n","protected":false},"excerpt":{"rendered":"<p>M\u00fasica: Mongol Letra: S\u00e9rgio D\u00e2maso Introdu\u00e7\u00e3o: F&nbsp; G&nbsp; Em&nbsp; Am Dm7&nbsp; G&nbsp; C &nbsp;&nbsp;&nbsp; C O galo cocor\u00f3 no quintal &nbsp;&nbsp;&nbsp;&nbsp;&nbsp;&nbsp;&nbsp;&nbsp;&nbsp;&nbsp;&nbsp;&nbsp;&nbsp; C#\u00ba&nbsp;&nbsp;&nbsp; Dm7 A7 O pinto&nbsp;&nbsp; &nbsp;morreu &nbsp;&nbsp;&nbsp;&nbsp;&nbsp;&nbsp;&nbsp; Dm&nbsp;&nbsp; Dm7M A coruja acordou &nbsp;&nbsp;&nbsp;&nbsp; Dm7 O pato ficou perdido &nbsp;&nbsp;&nbsp;&nbsp; G&nbsp;&nbsp;&nbsp;&nbsp;&nbsp;&nbsp;&nbsp;&nbsp;&nbsp;&nbsp;&nbsp;&nbsp;&nbsp;&nbsp; C&nbsp;&nbsp; G\/B&nbsp; Dm7&nbsp; G E deu no que deu. C Foi um carnaval C [&hellip;]<\/p>\n","protected":false},"author":1,"featured_media":0,"parent":0,"menu_order":0,"comment_status":"closed","ping_status":"closed","template":"","meta":[],"_links":{"self":[{"href":"https:\/\/sergiodamaso.com.br\/index.php\/wp-json\/wp\/v2\/pages\/315"}],"collection":[{"href":"https:\/\/sergiodamaso.com.br\/index.php\/wp-json\/wp\/v2\/pages"}],"about":[{"href":"https:\/\/sergiodamaso.com.br\/index.php\/wp-json\/wp\/v2\/types\/page"}],"author":[{"embeddable":true,"href":"https:\/\/sergiodamaso.com.br\/index.php\/wp-json\/wp\/v2\/users\/1"}],"replies":[{"embeddable":true,"href":"https:\/\/sergiodamaso.com.br\/index.php\/wp-json\/wp\/v2\/comments?post=315"}],"version-history":[{"count":2,"href":"https:\/\/sergiodamaso.com.br\/index.php\/wp-json\/wp\/v2\/pages\/315\/revisions"}],"predecessor-version":[{"id":900,"href":"https:\/\/sergiodamaso.com.br\/index.php\/wp-json\/wp\/v2\/pages\/315\/revisions\/900"}],"wp:attachment":[{"href":"https:\/\/sergiodamaso.com.br\/index.php\/wp-json\/wp\/v2\/media?parent=315"}],"curies":[{"name":"wp","href":"https:\/\/api.w.org\/{rel}","templated":true}]}}