{"id":312,"date":"2024-02-25T14:33:18","date_gmt":"2024-02-25T17:33:18","guid":{"rendered":"https:\/\/sergiodamaso.com.br\/?page_id=312"},"modified":"2024-03-16T21:34:51","modified_gmt":"2024-03-17T00:34:51","slug":"contramao","status":"publish","type":"page","link":"https:\/\/sergiodamaso.com.br\/index.php\/contramao\/","title":{"rendered":"CONTRAM\u00c3O"},"content":{"rendered":"\n<figure class=\"wp-block-audio\"><audio controls src=\"https:\/\/sergiodamaso.com.br\/wp-content\/uploads\/2024\/02\/CONTRAMAO.mp3\"><\/audio><\/figure>\n\n\n\n<p><strong><em>Mongol &amp; S\u00e9rgio D\u00e2maso<\/em><\/strong><\/p>\n\n\n\n<p>Voc\u00ea me deixou na contram\u00e3o<\/p>\n\n\n\n<p>meu cora\u00e7\u00e3o nem olhou pra tr\u00e1s<\/p>\n\n\n\n<p>deixou emo\u00e7\u00f5es e paix\u00f5es<\/p>\n\n\n\n<p>perdidas sem saber o qu\u00ea.<\/p>\n\n\n\n<p>O que vai dizer nossa cama<\/p>\n\n\n\n<p>o que vai dizer nosso travesseiro<\/p>\n\n\n\n<p>o que vai pensar o nosso len\u00e7ol<\/p>\n\n\n\n<p>o que vai lembrar nosso amor.<\/p>\n\n\n\n<p>Achados e perdidos<\/p>\n\n\n\n<p>encontros entre desencontros<\/p>\n\n\n\n<p>ilus\u00f5es e paix\u00f5es<\/p>\n\n\n\n<p>amores entre emo\u00e7\u00f5es.<\/p>\n\n\n\n<p>Vai vai vai vem me procurar<\/p>\n\n\n\n<p>vai vai vai vem me encontrar.<\/p>\n\n\n\n<p>N\u00e3o sei onde estou<\/p>\n\n\n\n<p>aonde que eu vou sem voc\u00ea.<\/p>\n","protected":false},"excerpt":{"rendered":"<p>Mongol &amp; S\u00e9rgio D\u00e2maso Voc\u00ea me deixou na contram\u00e3o meu cora\u00e7\u00e3o nem olhou pra tr\u00e1s deixou emo\u00e7\u00f5es e paix\u00f5es perdidas sem saber o qu\u00ea. O que vai dizer nossa cama o que vai dizer nosso travesseiro o que vai pensar o nosso len\u00e7ol o que vai lembrar nosso amor. Achados e perdidos encontros entre desencontros [&hellip;]<\/p>\n","protected":false},"author":1,"featured_media":0,"parent":0,"menu_order":0,"comment_status":"closed","ping_status":"closed","template":"","meta":[],"_links":{"self":[{"href":"https:\/\/sergiodamaso.com.br\/index.php\/wp-json\/wp\/v2\/pages\/312"}],"collection":[{"href":"https:\/\/sergiodamaso.com.br\/index.php\/wp-json\/wp\/v2\/pages"}],"about":[{"href":"https:\/\/sergiodamaso.com.br\/index.php\/wp-json\/wp\/v2\/types\/page"}],"author":[{"embeddable":true,"href":"https:\/\/sergiodamaso.com.br\/index.php\/wp-json\/wp\/v2\/users\/1"}],"replies":[{"embeddable":true,"href":"https:\/\/sergiodamaso.com.br\/index.php\/wp-json\/wp\/v2\/comments?post=312"}],"version-history":[{"count":2,"href":"https:\/\/sergiodamaso.com.br\/index.php\/wp-json\/wp\/v2\/pages\/312\/revisions"}],"predecessor-version":[{"id":899,"href":"https:\/\/sergiodamaso.com.br\/index.php\/wp-json\/wp\/v2\/pages\/312\/revisions\/899"}],"wp:attachment":[{"href":"https:\/\/sergiodamaso.com.br\/index.php\/wp-json\/wp\/v2\/media?parent=312"}],"curies":[{"name":"wp","href":"https:\/\/api.w.org\/{rel}","templated":true}]}}