{"id":302,"date":"2024-02-25T14:28:23","date_gmt":"2024-02-25T17:28:23","guid":{"rendered":"https:\/\/sergiodamaso.com.br\/?page_id=302"},"modified":"2024-03-16T21:20:10","modified_gmt":"2024-03-17T00:20:10","slug":"como-esquecer","status":"publish","type":"page","link":"https:\/\/sergiodamaso.com.br\/index.php\/como-esquecer\/","title":{"rendered":"COMO ESQUECER"},"content":{"rendered":"\n<figure class=\"wp-block-audio\"><audio controls src=\"https:\/\/sergiodamaso.com.br\/wp-content\/uploads\/2024\/02\/Como-esquecer.mp3\"><\/audio><\/figure>\n\n\n\n<p><strong><em>Mongol &amp; S\u00e9rgio D\u00e2maso<\/em><\/strong><\/p>\n\n\n\n<p>Como esquecer como conseguir n\u00e3o lembrar<\/p>\n\n\n\n<p>do seu beijo molhado do seu suave encanto j\u00e1 era<\/p>\n\n\n\n<p>da ternura do seu largo sorriso<\/p>\n\n\n\n<p>do seu batom que risca sua boca<\/p>\n\n\n\n<p>eu tento e n\u00e3o consigo esquecer.<\/p>\n\n\n\n<p>A silhueta que desenha o seu corpo<\/p>\n\n\n\n<p>nas esquinas dos seus bra\u00e7os<\/p>\n\n\n\n<p>nas curvas das suas pernas<\/p>\n\n\n\n<p>\u00e0s vezes penso em voc\u00ea<\/p>\n\n\n\n<p>\u00e0s vezes finjo que n\u00e3o.<\/p>\n\n\n\n<p>Num instante da paix\u00e3o e do amor<\/p>\n\n\n\n<p>perco a raz\u00e3o por quantas vezes chorei<\/p>\n\n\n\n<p>\u00e0s vezes finjo que n\u00e3o<\/p>\n\n\n\n<p>\u00e0s vezes vejo voc\u00ea<\/p>\n\n\n\n<p>por fora eu rio, por dentro eu choro<\/p>\n\n\n\n<p>voc\u00ea marcou o meu cora\u00e7\u00e3o.<\/p>\n","protected":false},"excerpt":{"rendered":"<p>Mongol &amp; S\u00e9rgio D\u00e2maso Como esquecer como conseguir n\u00e3o lembrar do seu beijo molhado do seu suave encanto j\u00e1 era da ternura do seu largo sorriso do seu batom que risca sua boca eu tento e n\u00e3o consigo esquecer. A silhueta que desenha o seu corpo nas esquinas dos seus bra\u00e7os nas curvas das suas [&hellip;]<\/p>\n","protected":false},"author":1,"featured_media":0,"parent":0,"menu_order":0,"comment_status":"closed","ping_status":"closed","template":"","meta":[],"_links":{"self":[{"href":"https:\/\/sergiodamaso.com.br\/index.php\/wp-json\/wp\/v2\/pages\/302"}],"collection":[{"href":"https:\/\/sergiodamaso.com.br\/index.php\/wp-json\/wp\/v2\/pages"}],"about":[{"href":"https:\/\/sergiodamaso.com.br\/index.php\/wp-json\/wp\/v2\/types\/page"}],"author":[{"embeddable":true,"href":"https:\/\/sergiodamaso.com.br\/index.php\/wp-json\/wp\/v2\/users\/1"}],"replies":[{"embeddable":true,"href":"https:\/\/sergiodamaso.com.br\/index.php\/wp-json\/wp\/v2\/comments?post=302"}],"version-history":[{"count":2,"href":"https:\/\/sergiodamaso.com.br\/index.php\/wp-json\/wp\/v2\/pages\/302\/revisions"}],"predecessor-version":[{"id":895,"href":"https:\/\/sergiodamaso.com.br\/index.php\/wp-json\/wp\/v2\/pages\/302\/revisions\/895"}],"wp:attachment":[{"href":"https:\/\/sergiodamaso.com.br\/index.php\/wp-json\/wp\/v2\/media?parent=302"}],"curies":[{"name":"wp","href":"https:\/\/api.w.org\/{rel}","templated":true}]}}