{"id":299,"date":"2024-02-25T14:27:02","date_gmt":"2024-02-25T17:27:02","guid":{"rendered":"https:\/\/sergiodamaso.com.br\/?page_id=299"},"modified":"2024-03-16T21:20:55","modified_gmt":"2024-03-17T00:20:55","slug":"como-e-bom","status":"publish","type":"page","link":"https:\/\/sergiodamaso.com.br\/index.php\/como-e-bom\/","title":{"rendered":"COMO \u00c9 BOM"},"content":{"rendered":"\n<figure class=\"wp-block-audio\"><audio controls src=\"https:\/\/sergiodamaso.com.br\/wp-content\/uploads\/2024\/02\/Como-e-bom.mp3\"><\/audio><\/figure>\n\n\n\n<p><strong><em>Mongol &amp; S\u00e9rgio D\u00e2maso<\/em><\/strong><\/p>\n\n\n\n<p>Quando abra\u00e7o a minha alma<\/p>\n\n\n\n<p>sinto o gosto do teu beijo<\/p>\n\n\n\n<p>quando respiro o ar<\/p>\n\n\n\n<p>sinto o cheiro do teu suor.<\/p>\n\n\n\n<p>Quando bate a solid\u00e3o<\/p>\n\n\n\n<p>sinto vontade do teu corpo<\/p>\n\n\n\n<p>quando repenso a vida<\/p>\n\n\n\n<p>sinto que tudo pode acontecer.<\/p>\n\n\n\n<p>Como \u00e9 bom saber<\/p>\n\n\n\n<p>como \u00e9 bom querer<\/p>\n\n\n\n<p>como \u00e9 diferente imaginar<\/p>\n\n\n\n<p>que voc\u00ea ainda existe.<\/p>\n\n\n\n<p>Sonhar n\u00e3o custa nada<\/p>\n\n\n\n<p>n\u00e3o arrancar\u00e1 nenhum peda\u00e7o<\/p>\n\n\n\n<p>do grande amor me aproxima de voc\u00ea.<\/p>\n","protected":false},"excerpt":{"rendered":"<p>Mongol &amp; S\u00e9rgio D\u00e2maso Quando abra\u00e7o a minha alma sinto o gosto do teu beijo quando respiro o ar sinto o cheiro do teu suor. Quando bate a solid\u00e3o sinto vontade do teu corpo quando repenso a vida sinto que tudo pode acontecer. Como \u00e9 bom saber como \u00e9 bom querer como \u00e9 diferente imaginar [&hellip;]<\/p>\n","protected":false},"author":1,"featured_media":0,"parent":0,"menu_order":0,"comment_status":"closed","ping_status":"closed","template":"","meta":[],"_links":{"self":[{"href":"https:\/\/sergiodamaso.com.br\/index.php\/wp-json\/wp\/v2\/pages\/299"}],"collection":[{"href":"https:\/\/sergiodamaso.com.br\/index.php\/wp-json\/wp\/v2\/pages"}],"about":[{"href":"https:\/\/sergiodamaso.com.br\/index.php\/wp-json\/wp\/v2\/types\/page"}],"author":[{"embeddable":true,"href":"https:\/\/sergiodamaso.com.br\/index.php\/wp-json\/wp\/v2\/users\/1"}],"replies":[{"embeddable":true,"href":"https:\/\/sergiodamaso.com.br\/index.php\/wp-json\/wp\/v2\/comments?post=299"}],"version-history":[{"count":2,"href":"https:\/\/sergiodamaso.com.br\/index.php\/wp-json\/wp\/v2\/pages\/299\/revisions"}],"predecessor-version":[{"id":896,"href":"https:\/\/sergiodamaso.com.br\/index.php\/wp-json\/wp\/v2\/pages\/299\/revisions\/896"}],"wp:attachment":[{"href":"https:\/\/sergiodamaso.com.br\/index.php\/wp-json\/wp\/v2\/media?parent=299"}],"curies":[{"name":"wp","href":"https:\/\/api.w.org\/{rel}","templated":true}]}}