{"id":295,"date":"2024-02-25T14:24:57","date_gmt":"2024-02-25T17:24:57","guid":{"rendered":"https:\/\/sergiodamaso.com.br\/?page_id=295"},"modified":"2024-03-16T21:21:44","modified_gmt":"2024-03-17T00:21:44","slug":"como-doeu-teu-pecado","status":"publish","type":"page","link":"https:\/\/sergiodamaso.com.br\/index.php\/como-doeu-teu-pecado\/","title":{"rendered":"COMO DOEU TEU PECADO"},"content":{"rendered":"\n<figure class=\"wp-block-audio\"><audio controls src=\"https:\/\/sergiodamaso.com.br\/wp-content\/uploads\/2024\/02\/Como-doeu-teu-pecado.mp3\"><\/audio><\/figure>\n\n\n\n<p><strong><em>Mongol &amp; S\u00e9rgio D\u00e2maso<\/em><\/strong><\/p>\n\n\n\n<p>Como doeu quando eu perdoei<\/p>\n\n\n\n<p>o teu pecado rasgado e mastigado<\/p>\n\n\n\n<p>com sabor e o vermelho da ma\u00e7\u00e3<\/p>\n\n\n\n<p>engolidos digeridos por meu pobre cora\u00e7\u00e3o.<\/p>\n\n\n\n<p>O teu suor escorrendo dos meus poros<\/p>\n\n\n\n<p>a cor do teu batom foi profanando<\/p>\n\n\n\n<p>os meus l\u00e1bios t\u00e3o cansados iludidos<\/p>\n\n\n\n<p>foram um sinal, meus l\u00e1bios foram um aviso.<\/p>\n\n\n\n<p>Que a dor ia chegar sem avisar<\/p>\n\n\n\n<p>quando a dor fosse doer antes de machucar<\/p>\n\n\n\n<p>para suportar as tenta\u00e7\u00f5es perigosas<\/p>\n\n\n\n<p>como as curvas do teu corpo.<\/p>\n\n\n\n<p>\u00c9 dif\u00edcil de entender de perdoar<\/p>\n\n\n\n<p>complicado de esquecer e de lembrar<\/p>\n\n\n\n<p>um amor assim s\u00f3 eu sei como d\u00f3i<\/p>\n\n\n\n<p>como isso me destr\u00f3i como isso me corr\u00f3i<\/p>\n\n\n\n<p>o amor.<\/p>\n","protected":false},"excerpt":{"rendered":"<p>Mongol &amp; S\u00e9rgio D\u00e2maso Como doeu quando eu perdoei o teu pecado rasgado e mastigado com sabor e o vermelho da ma\u00e7\u00e3 engolidos digeridos por meu pobre cora\u00e7\u00e3o. O teu suor escorrendo dos meus poros a cor do teu batom foi profanando os meus l\u00e1bios t\u00e3o cansados iludidos foram um sinal, meus l\u00e1bios foram um [&hellip;]<\/p>\n","protected":false},"author":1,"featured_media":0,"parent":0,"menu_order":0,"comment_status":"closed","ping_status":"closed","template":"","meta":[],"_links":{"self":[{"href":"https:\/\/sergiodamaso.com.br\/index.php\/wp-json\/wp\/v2\/pages\/295"}],"collection":[{"href":"https:\/\/sergiodamaso.com.br\/index.php\/wp-json\/wp\/v2\/pages"}],"about":[{"href":"https:\/\/sergiodamaso.com.br\/index.php\/wp-json\/wp\/v2\/types\/page"}],"author":[{"embeddable":true,"href":"https:\/\/sergiodamaso.com.br\/index.php\/wp-json\/wp\/v2\/users\/1"}],"replies":[{"embeddable":true,"href":"https:\/\/sergiodamaso.com.br\/index.php\/wp-json\/wp\/v2\/comments?post=295"}],"version-history":[{"count":2,"href":"https:\/\/sergiodamaso.com.br\/index.php\/wp-json\/wp\/v2\/pages\/295\/revisions"}],"predecessor-version":[{"id":897,"href":"https:\/\/sergiodamaso.com.br\/index.php\/wp-json\/wp\/v2\/pages\/295\/revisions\/897"}],"wp:attachment":[{"href":"https:\/\/sergiodamaso.com.br\/index.php\/wp-json\/wp\/v2\/media?parent=295"}],"curies":[{"name":"wp","href":"https:\/\/api.w.org\/{rel}","templated":true}]}}