{"id":286,"date":"2024-02-25T14:16:13","date_gmt":"2024-02-25T17:16:13","guid":{"rendered":"https:\/\/sergiodamaso.com.br\/?page_id=286"},"modified":"2024-03-14T15:19:39","modified_gmt":"2024-03-14T18:19:39","slug":"clara-noite-de-lua-cheia","status":"publish","type":"page","link":"https:\/\/sergiodamaso.com.br\/index.php\/clara-noite-de-lua-cheia\/","title":{"rendered":"CLARA NOITE DE LUA CHEIA"},"content":{"rendered":"\n<figure class=\"wp-block-audio\"><audio controls src=\"https:\/\/sergiodamaso.com.br\/wp-content\/uploads\/2024\/03\/clara-noite-de-lua-cheia-1.mp3\"><\/audio><\/figure>\n\n\n\n<p><strong><em>Mongol &amp; S\u00e9rgio D\u00e2maso<\/em><\/strong><\/p>\n\n\n\n<p>A noite estava t\u00e3o clara<\/p>\n\n\n\n<p>que apaguei a luz para contempl\u00e1-la<\/p>\n\n\n\n<p>n\u00e3o precisava<\/p>\n\n\n\n<p>a lua estava cheia.<\/p>\n\n\n\n<p>Clareava a montanha verde<\/p>\n\n\n\n<p>que estava abra\u00e7ada<\/p>\n\n\n\n<p>por uma neblina branca<\/p>\n\n\n\n<p>nem o seu ci\u00fame eu poderia ver.<\/p>\n\n\n\n<p>Piscando como os vagalumes<\/p>\n\n\n\n<p>como o brilho das estrelas no c\u00e9u.<\/p>\n\n\n\n<p>Piscando como os vagalumes<\/p>\n\n\n\n<p>como o brilho das estrelas<\/p>\n\n\n\n<p>que \u00e9 s\u00f3 seu.<\/p>\n","protected":false},"excerpt":{"rendered":"<p>Mongol &amp; S\u00e9rgio D\u00e2maso A noite estava t\u00e3o clara que apaguei a luz para contempl\u00e1-la n\u00e3o precisava a lua estava cheia. Clareava a montanha verde que estava abra\u00e7ada por uma neblina branca nem o seu ci\u00fame eu poderia ver. Piscando como os vagalumes como o brilho das estrelas no c\u00e9u. Piscando como os vagalumes como [&hellip;]<\/p>\n","protected":false},"author":1,"featured_media":0,"parent":0,"menu_order":0,"comment_status":"closed","ping_status":"closed","template":"","meta":[],"_links":{"self":[{"href":"https:\/\/sergiodamaso.com.br\/index.php\/wp-json\/wp\/v2\/pages\/286"}],"collection":[{"href":"https:\/\/sergiodamaso.com.br\/index.php\/wp-json\/wp\/v2\/pages"}],"about":[{"href":"https:\/\/sergiodamaso.com.br\/index.php\/wp-json\/wp\/v2\/types\/page"}],"author":[{"embeddable":true,"href":"https:\/\/sergiodamaso.com.br\/index.php\/wp-json\/wp\/v2\/users\/1"}],"replies":[{"embeddable":true,"href":"https:\/\/sergiodamaso.com.br\/index.php\/wp-json\/wp\/v2\/comments?post=286"}],"version-history":[{"count":3,"href":"https:\/\/sergiodamaso.com.br\/index.php\/wp-json\/wp\/v2\/pages\/286\/revisions"}],"predecessor-version":[{"id":850,"href":"https:\/\/sergiodamaso.com.br\/index.php\/wp-json\/wp\/v2\/pages\/286\/revisions\/850"}],"wp:attachment":[{"href":"https:\/\/sergiodamaso.com.br\/index.php\/wp-json\/wp\/v2\/media?parent=286"}],"curies":[{"name":"wp","href":"https:\/\/api.w.org\/{rel}","templated":true}]}}