{"id":283,"date":"2024-02-25T14:15:00","date_gmt":"2024-02-25T17:15:00","guid":{"rendered":"https:\/\/sergiodamaso.com.br\/?page_id=283"},"modified":"2024-03-14T16:21:51","modified_gmt":"2024-03-14T19:21:51","slug":"cicatriz","status":"publish","type":"page","link":"https:\/\/sergiodamaso.com.br\/index.php\/cicatriz\/","title":{"rendered":"CICATRIZ"},"content":{"rendered":"\n<figure class=\"wp-block-audio\"><audio controls src=\"https:\/\/sergiodamaso.com.br\/wp-content\/uploads\/2024\/02\/Cicatriz.mp3\"><\/audio><\/figure>\n\n\n\n<p><strong><em>Mongol &amp; S\u00e9rgio D\u00e2maso<\/em><\/strong><\/p>\n\n\n\n<p>Voc\u00ea conseguiu cicatrizar<\/p>\n\n\n\n<p>meu cora\u00e7\u00e3o partido<\/p>\n\n\n\n<p>h\u00e1 tempo sem um amor<\/p>\n\n\n\n<p>para poder me abra\u00e7ar.<\/p>\n\n\n\n<p>Lembran\u00e7as passadas<\/p>\n\n\n\n<p>recorda\u00e7\u00f5es atrasadas<\/p>\n\n\n\n<p>vontades queridas<\/p>\n\n\n\n<p>desejos perdidos.<\/p>\n\n\n\n<p>Tudo voltou t\u00e3o de repente<\/p>\n\n\n\n<p>que nem um repente<\/p>\n\n\n\n<p>seja do jeito que for<\/p>\n\n\n\n<p>\u00e9 voc\u00ea meu bem.<\/p>\n\n\n\n<p>Que veio como uma flecha<\/p>\n\n\n\n<p>penetrando em meu peito aberto<\/p>\n\n\n\n<p>queimando em fogo<\/p>\n\n\n\n<p>s\u00f3 para voc\u00ea.<\/p>\n","protected":false},"excerpt":{"rendered":"<p>Mongol &amp; S\u00e9rgio D\u00e2maso Voc\u00ea conseguiu cicatrizar meu cora\u00e7\u00e3o partido h\u00e1 tempo sem um amor para poder me abra\u00e7ar. Lembran\u00e7as passadas recorda\u00e7\u00f5es atrasadas vontades queridas desejos perdidos. Tudo voltou t\u00e3o de repente que nem um repente seja do jeito que for \u00e9 voc\u00ea meu bem. Que veio como uma flecha penetrando em meu peito aberto [&hellip;]<\/p>\n","protected":false},"author":1,"featured_media":0,"parent":0,"menu_order":0,"comment_status":"closed","ping_status":"closed","template":"","meta":[],"_links":{"self":[{"href":"https:\/\/sergiodamaso.com.br\/index.php\/wp-json\/wp\/v2\/pages\/283"}],"collection":[{"href":"https:\/\/sergiodamaso.com.br\/index.php\/wp-json\/wp\/v2\/pages"}],"about":[{"href":"https:\/\/sergiodamaso.com.br\/index.php\/wp-json\/wp\/v2\/types\/page"}],"author":[{"embeddable":true,"href":"https:\/\/sergiodamaso.com.br\/index.php\/wp-json\/wp\/v2\/users\/1"}],"replies":[{"embeddable":true,"href":"https:\/\/sergiodamaso.com.br\/index.php\/wp-json\/wp\/v2\/comments?post=283"}],"version-history":[{"count":2,"href":"https:\/\/sergiodamaso.com.br\/index.php\/wp-json\/wp\/v2\/pages\/283\/revisions"}],"predecessor-version":[{"id":893,"href":"https:\/\/sergiodamaso.com.br\/index.php\/wp-json\/wp\/v2\/pages\/283\/revisions\/893"}],"wp:attachment":[{"href":"https:\/\/sergiodamaso.com.br\/index.php\/wp-json\/wp\/v2\/media?parent=283"}],"curies":[{"name":"wp","href":"https:\/\/api.w.org\/{rel}","templated":true}]}}