{"id":280,"date":"2024-02-25T14:13:35","date_gmt":"2024-02-25T17:13:35","guid":{"rendered":"https:\/\/sergiodamaso.com.br\/?page_id=280"},"modified":"2024-03-14T16:20:54","modified_gmt":"2024-03-14T19:20:54","slug":"canto-para-iansa","status":"publish","type":"page","link":"https:\/\/sergiodamaso.com.br\/index.php\/canto-para-iansa\/","title":{"rendered":"CANTO PARA IANS\u00c3"},"content":{"rendered":"\n<figure class=\"wp-block-audio\"><audio controls src=\"https:\/\/sergiodamaso.com.br\/wp-content\/uploads\/2024\/02\/Canto-Para-Iansa.mp3\"><\/audio><\/figure>\n\n\n\n<p><strong><em>Mongol &amp; S\u00e9rgio D\u00e2maso<\/em><\/strong><\/p>\n\n\n\n<p>Quando canto esta can\u00e7\u00e3o<br>cheia de emo\u00e7\u00e3o<br>\u00e9 para Ians\u00e3<br>te fazer feliz te fazer entender<br>a can\u00e7\u00e3o, a emo\u00e7\u00e3o.<\/p>\n\n\n\n<p>Oy\u00e1 recebeu de Xang\u00f4<br>feminina linda&nbsp;<br>de Xang\u00f4 guerreira minha<br>M\u00e3e Ians\u00e3 eparrei!<br>a can\u00e7\u00e3o esperei.<\/p>\n\n\n\n<p>Minha Deusa<br>dos ventos e tempestades<br>conduz a can\u00e7\u00e3o<br>a can\u00e7\u00e3o da emo\u00e7\u00e3o<br>que tanto esperei.<\/p>\n\n\n\n<p>Quando ouvir esta can\u00e7\u00e3o<br>lembra de Ians\u00e3<br>senhora de tudo<br>pode fazer entender<br>que \u00e9 para voc\u00ea.<\/p>\n\n\n\n<p>Ians\u00e3 me d\u00ea sua m\u00e3o<br>leve com a can\u00e7\u00e3o<\/p>\n\n\n\n<p>o meu cora\u00e7\u00e3o e minha emo\u00e7\u00e3o<\/p>\n\n\n\n<p>nessa can\u00e7\u00e3o eparrei!<\/p>\n\n\n\n<p>a can\u00e7\u00e3o que tanto esperei.<\/p>\n","protected":false},"excerpt":{"rendered":"<p>Mongol &amp; S\u00e9rgio D\u00e2maso Quando canto esta can\u00e7\u00e3ocheia de emo\u00e7\u00e3o\u00e9 para Ians\u00e3te fazer feliz te fazer entendera can\u00e7\u00e3o, a emo\u00e7\u00e3o. Oy\u00e1 recebeu de Xang\u00f4feminina linda&nbsp;de Xang\u00f4 guerreira minhaM\u00e3e Ians\u00e3 eparrei!a can\u00e7\u00e3o esperei. Minha Deusados ventos e tempestadesconduz a can\u00e7\u00e3oa can\u00e7\u00e3o da emo\u00e7\u00e3oque tanto esperei. Quando ouvir esta can\u00e7\u00e3olembra de Ians\u00e3senhora de tudopode fazer entenderque \u00e9 [&hellip;]<\/p>\n","protected":false},"author":1,"featured_media":0,"parent":0,"menu_order":0,"comment_status":"closed","ping_status":"closed","template":"","meta":[],"_links":{"self":[{"href":"https:\/\/sergiodamaso.com.br\/index.php\/wp-json\/wp\/v2\/pages\/280"}],"collection":[{"href":"https:\/\/sergiodamaso.com.br\/index.php\/wp-json\/wp\/v2\/pages"}],"about":[{"href":"https:\/\/sergiodamaso.com.br\/index.php\/wp-json\/wp\/v2\/types\/page"}],"author":[{"embeddable":true,"href":"https:\/\/sergiodamaso.com.br\/index.php\/wp-json\/wp\/v2\/users\/1"}],"replies":[{"embeddable":true,"href":"https:\/\/sergiodamaso.com.br\/index.php\/wp-json\/wp\/v2\/comments?post=280"}],"version-history":[{"count":2,"href":"https:\/\/sergiodamaso.com.br\/index.php\/wp-json\/wp\/v2\/pages\/280\/revisions"}],"predecessor-version":[{"id":892,"href":"https:\/\/sergiodamaso.com.br\/index.php\/wp-json\/wp\/v2\/pages\/280\/revisions\/892"}],"wp:attachment":[{"href":"https:\/\/sergiodamaso.com.br\/index.php\/wp-json\/wp\/v2\/media?parent=280"}],"curies":[{"name":"wp","href":"https:\/\/api.w.org\/{rel}","templated":true}]}}