{"id":277,"date":"2024-02-25T14:12:07","date_gmt":"2024-02-25T17:12:07","guid":{"rendered":"https:\/\/sergiodamaso.com.br\/?page_id=277"},"modified":"2024-03-14T16:19:46","modified_gmt":"2024-03-14T19:19:46","slug":"caminhos-cade-voce","status":"publish","type":"page","link":"https:\/\/sergiodamaso.com.br\/index.php\/caminhos-cade-voce\/","title":{"rendered":"CAMINHOS CAD\u00ca VOC\u00ca"},"content":{"rendered":"\n<figure class=\"wp-block-audio\"><audio controls src=\"https:\/\/sergiodamaso.com.br\/wp-content\/uploads\/2024\/02\/Caminhos-cade-voce.mp3\"><\/audio><\/figure>\n\n\n\n<p><strong><em>Mongol &amp; S\u00e9rgio D\u00e2maso<\/em><\/strong><\/p>\n\n\n\n<p>Andei por caminhos enfim<\/p>\n\n\n\n<p>viajei l\u00e9guas no espa\u00e7o sideral<\/p>\n\n\n\n<p>visitei at\u00e9 as nuvens escuras<\/p>\n\n\n\n<p>conheci estrelas at\u00e9 o sol.<\/p>\n\n\n\n<p>Cad\u00ea voc\u00ea vem me amar<\/p>\n\n\n\n<p>cad\u00ea voc\u00ea vem me amar.<\/p>\n\n\n\n<p>Caminhos eu te procurei<\/p>\n\n\n\n<p>caminhos cad\u00ea voc\u00ea<\/p>\n\n\n\n<p>caminhos cad\u00ea ela cad\u00ea ela<\/p>\n\n\n\n<p>que n\u00e3o aparece pra mim.<\/p>\n\n\n\n<p>O que fazer se te segui<\/p>\n\n\n\n<p>se te persegui at\u00e9 o infinito<\/p>\n\n\n\n<p>o que fazer eu nem sei<\/p>\n\n\n\n<p>mais o que fazer.<\/p>\n\n\n\n<p>Se j\u00e1 viajei muito sem ela<\/p>\n\n\n\n<p>nesse mund\u00e3o de p\u00e9 no ch\u00e3o<\/p>\n\n\n\n<p>nesse estrad\u00e3o com meu caminh\u00e3o<\/p>\n\n\n\n<p>s\u00f3 com o meu cora\u00e7\u00e3o.<\/p>\n\n\n\n<p>Quero somente v\u00ea-la e abra\u00e7\u00e1-la<\/p>\n\n\n\n<p>para ela n\u00e3o esquecer<\/p>\n\n\n\n<p>para ela somente lembrar<\/p>\n\n\n\n<p>do meu amor, da minha paix\u00e3o<\/p>\n","protected":false},"excerpt":{"rendered":"<p>Mongol &amp; S\u00e9rgio D\u00e2maso Andei por caminhos enfim viajei l\u00e9guas no espa\u00e7o sideral visitei at\u00e9 as nuvens escuras conheci estrelas at\u00e9 o sol. Cad\u00ea voc\u00ea vem me amar cad\u00ea voc\u00ea vem me amar. Caminhos eu te procurei caminhos cad\u00ea voc\u00ea caminhos cad\u00ea ela cad\u00ea ela que n\u00e3o aparece pra mim. O que fazer se te [&hellip;]<\/p>\n","protected":false},"author":1,"featured_media":0,"parent":0,"menu_order":0,"comment_status":"closed","ping_status":"closed","template":"","meta":[],"_links":{"self":[{"href":"https:\/\/sergiodamaso.com.br\/index.php\/wp-json\/wp\/v2\/pages\/277"}],"collection":[{"href":"https:\/\/sergiodamaso.com.br\/index.php\/wp-json\/wp\/v2\/pages"}],"about":[{"href":"https:\/\/sergiodamaso.com.br\/index.php\/wp-json\/wp\/v2\/types\/page"}],"author":[{"embeddable":true,"href":"https:\/\/sergiodamaso.com.br\/index.php\/wp-json\/wp\/v2\/users\/1"}],"replies":[{"embeddable":true,"href":"https:\/\/sergiodamaso.com.br\/index.php\/wp-json\/wp\/v2\/comments?post=277"}],"version-history":[{"count":2,"href":"https:\/\/sergiodamaso.com.br\/index.php\/wp-json\/wp\/v2\/pages\/277\/revisions"}],"predecessor-version":[{"id":891,"href":"https:\/\/sergiodamaso.com.br\/index.php\/wp-json\/wp\/v2\/pages\/277\/revisions\/891"}],"wp:attachment":[{"href":"https:\/\/sergiodamaso.com.br\/index.php\/wp-json\/wp\/v2\/media?parent=277"}],"curies":[{"name":"wp","href":"https:\/\/api.w.org\/{rel}","templated":true}]}}