{"id":274,"date":"2024-02-25T14:10:41","date_gmt":"2024-02-25T17:10:41","guid":{"rendered":"https:\/\/sergiodamaso.com.br\/?page_id=274"},"modified":"2024-03-14T16:18:18","modified_gmt":"2024-03-14T19:18:18","slug":"cade-voce","status":"publish","type":"page","link":"https:\/\/sergiodamaso.com.br\/index.php\/cade-voce\/","title":{"rendered":"CAD\u00ca VOC\u00ca"},"content":{"rendered":"\n<figure class=\"wp-block-audio\"><audio controls src=\"https:\/\/sergiodamaso.com.br\/wp-content\/uploads\/2024\/03\/cade-voce.mp3\"><\/audio><\/figure>\n\n\n\n<p><strong><em>Mongol &amp; S\u00e9rgio D\u00e2maso<\/em><\/strong><\/p>\n\n\n\n<p>Hei cad\u00ea voc\u00ea<\/p>\n\n\n\n<p>onde te acho j\u00e1 procurei e n\u00e3o te encontrei.<\/p>\n\n\n\n<p>Vou desistir eu vou<\/p>\n\n\n\n<p>se n\u00e3o aparecer cheia de gra\u00e7a<\/p>\n\n\n\n<p>vou eu vou \u00e9 desistir<\/p>\n\n\n\n<p>voc\u00ea vai ser que vai se arrepender<\/p>\n\n\n\n<p>se eu n\u00e3o te ver vai vai sim.<\/p>\n\n\n\n<p>Vai chorar e lamentar<\/p>\n\n\n\n<p>e n\u00e3o vou nem ligar<\/p>\n\n\n\n<p>vou mesmo \u00e9 te esquecer<\/p>\n\n\n\n<p>eu vou eu vou<\/p>\n\n\n\n<p>desistir mesmo de voc\u00ea, eu vou.<\/p>\n","protected":false},"excerpt":{"rendered":"<p>Mongol &amp; S\u00e9rgio D\u00e2maso Hei cad\u00ea voc\u00ea onde te acho j\u00e1 procurei e n\u00e3o te encontrei. Vou desistir eu vou se n\u00e3o aparecer cheia de gra\u00e7a vou eu vou \u00e9 desistir voc\u00ea vai ser que vai se arrepender se eu n\u00e3o te ver vai vai sim. Vai chorar e lamentar e n\u00e3o vou nem ligar [&hellip;]<\/p>\n","protected":false},"author":1,"featured_media":0,"parent":0,"menu_order":0,"comment_status":"closed","ping_status":"closed","template":"","meta":[],"_links":{"self":[{"href":"https:\/\/sergiodamaso.com.br\/index.php\/wp-json\/wp\/v2\/pages\/274"}],"collection":[{"href":"https:\/\/sergiodamaso.com.br\/index.php\/wp-json\/wp\/v2\/pages"}],"about":[{"href":"https:\/\/sergiodamaso.com.br\/index.php\/wp-json\/wp\/v2\/types\/page"}],"author":[{"embeddable":true,"href":"https:\/\/sergiodamaso.com.br\/index.php\/wp-json\/wp\/v2\/users\/1"}],"replies":[{"embeddable":true,"href":"https:\/\/sergiodamaso.com.br\/index.php\/wp-json\/wp\/v2\/comments?post=274"}],"version-history":[{"count":3,"href":"https:\/\/sergiodamaso.com.br\/index.php\/wp-json\/wp\/v2\/pages\/274\/revisions"}],"predecessor-version":[{"id":890,"href":"https:\/\/sergiodamaso.com.br\/index.php\/wp-json\/wp\/v2\/pages\/274\/revisions\/890"}],"wp:attachment":[{"href":"https:\/\/sergiodamaso.com.br\/index.php\/wp-json\/wp\/v2\/media?parent=274"}],"curies":[{"name":"wp","href":"https:\/\/api.w.org\/{rel}","templated":true}]}}