{"id":271,"date":"2024-02-25T14:08:38","date_gmt":"2024-02-25T17:08:38","guid":{"rendered":"https:\/\/sergiodamaso.com.br\/?page_id=271"},"modified":"2024-03-14T16:08:40","modified_gmt":"2024-03-14T19:08:40","slug":"besame-mucho","status":"publish","type":"page","link":"https:\/\/sergiodamaso.com.br\/index.php\/besame-mucho\/","title":{"rendered":"B\u00c9SAME MUCHO"},"content":{"rendered":"\n<figure class=\"wp-block-audio\"><audio controls src=\"https:\/\/sergiodamaso.com.br\/wp-content\/uploads\/2024\/02\/Besame-mucho.mp3\"><\/audio><\/figure>\n\n\n\n<p><strong><em>Mongol &amp; S\u00e9rgio D\u00e2maso<\/em><\/strong><\/p>\n\n\n\n<p>Eu esqueci quase tudo em voc\u00ea<\/p>\n\n\n\n<p>n\u00e3o lembro mais teus beijos<\/p>\n\n\n\n<p>teus abra\u00e7os nem pensar<\/p>\n\n\n\n<p>eles n\u00e3o me apertam enfim.<\/p>\n\n\n\n<p>O ch\u00e3o j\u00e1 n\u00e3o treme mais<\/p>\n\n\n\n<p>nem se a nossa m\u00fasica tocar<\/p>\n\n\n\n<p>para dan\u00e7ar s\u00f3 com voc\u00ea<\/p>\n\n\n\n<p>numa noite num cabar\u00e9.<\/p>\n\n\n\n<p>Luzes podem brilhar<\/p>\n\n\n\n<p>para a orquestra tocar<\/p>\n\n\n\n<p>b\u00e9same b\u00e9same mucho m\u00e1s<\/p>\n\n\n\n<p>que vozes n\u00e3o ecoar\u00e3o<\/p>\n\n\n\n<p>b\u00e9same b\u00e9same mucho m\u00e1s<\/p>\n\n\n\n<p>ao som na escurid\u00e3o.<\/p>\n\n\n\n<p>E se eu te beijar<\/p>\n\n\n\n<p>at\u00e9 o ch\u00e3o estremecer<\/p>\n\n\n\n<p>e se eu te abra\u00e7ar<\/p>\n\n\n\n<p>at\u00e9 sentir voc\u00ea.<\/p>\n\n\n\n<p>E se for o amor jamais vai se apagar<\/p>\n\n\n\n<p>metade em mim sou eu<\/p>\n\n\n\n<p>outra metade vive para te lembrar.<\/p>\n","protected":false},"excerpt":{"rendered":"<p>Mongol &amp; S\u00e9rgio D\u00e2maso Eu esqueci quase tudo em voc\u00ea n\u00e3o lembro mais teus beijos teus abra\u00e7os nem pensar eles n\u00e3o me apertam enfim. O ch\u00e3o j\u00e1 n\u00e3o treme mais nem se a nossa m\u00fasica tocar para dan\u00e7ar s\u00f3 com voc\u00ea numa noite num cabar\u00e9. Luzes podem brilhar para a orquestra tocar b\u00e9same b\u00e9same mucho [&hellip;]<\/p>\n","protected":false},"author":1,"featured_media":0,"parent":0,"menu_order":0,"comment_status":"closed","ping_status":"closed","template":"","meta":[],"_links":{"self":[{"href":"https:\/\/sergiodamaso.com.br\/index.php\/wp-json\/wp\/v2\/pages\/271"}],"collection":[{"href":"https:\/\/sergiodamaso.com.br\/index.php\/wp-json\/wp\/v2\/pages"}],"about":[{"href":"https:\/\/sergiodamaso.com.br\/index.php\/wp-json\/wp\/v2\/types\/page"}],"author":[{"embeddable":true,"href":"https:\/\/sergiodamaso.com.br\/index.php\/wp-json\/wp\/v2\/users\/1"}],"replies":[{"embeddable":true,"href":"https:\/\/sergiodamaso.com.br\/index.php\/wp-json\/wp\/v2\/comments?post=271"}],"version-history":[{"count":2,"href":"https:\/\/sergiodamaso.com.br\/index.php\/wp-json\/wp\/v2\/pages\/271\/revisions"}],"predecessor-version":[{"id":887,"href":"https:\/\/sergiodamaso.com.br\/index.php\/wp-json\/wp\/v2\/pages\/271\/revisions\/887"}],"wp:attachment":[{"href":"https:\/\/sergiodamaso.com.br\/index.php\/wp-json\/wp\/v2\/media?parent=271"}],"curies":[{"name":"wp","href":"https:\/\/api.w.org\/{rel}","templated":true}]}}