{"id":266,"date":"2024-02-25T14:05:53","date_gmt":"2024-02-25T17:05:53","guid":{"rendered":"https:\/\/sergiodamaso.com.br\/?page_id=266"},"modified":"2024-03-14T16:06:55","modified_gmt":"2024-03-14T19:06:55","slug":"beijos-ardentes","status":"publish","type":"page","link":"https:\/\/sergiodamaso.com.br\/index.php\/beijos-ardentes\/","title":{"rendered":"BEIJOS ARDENTES"},"content":{"rendered":"\n<figure class=\"wp-block-audio\"><audio controls src=\"https:\/\/sergiodamaso.com.br\/wp-content\/uploads\/2024\/02\/Beijos-ardentes.mp3\"><\/audio><\/figure>\n\n\n\n<p><strong><em>Mongol &amp; S\u00e9rgio D\u00e2maso<\/em><\/strong><\/p>\n\n\n\n<p>Onde voc\u00ea est\u00e1 meu bem<\/p>\n\n\n\n<p>sa\u00ed de mim de manh\u00e3<\/p>\n\n\n\n<p>a te procurar pra te encontrar<\/p>\n\n\n\n<p>meio descompensado meio perdido no dia.<\/p>\n\n\n\n<p>Pelas ruas e esquinas da vida<\/p>\n\n\n\n<p>para decifrar os motivos das curvas<\/p>\n\n\n\n<p>que fizeram querer te encontrar<\/p>\n\n\n\n<p>logo quando acordei.<\/p>\n\n\n\n<p>Agora eu vou voltar a dormir<\/p>\n\n\n\n<p>pra sonhar contigo outra vez<\/p>\n\n\n\n<p>pra sentir de novo o prazer<\/p>\n\n\n\n<p>de ter voc\u00ea junto a mim.<\/p>\n\n\n\n<p>Prometo olhar para o retrovisor da minha vida<\/p>\n\n\n\n<p>pra que eu possa ver quanto te quero<\/p>\n\n\n\n<p>quanto voc\u00ea \u00e9 diferente.<\/p>\n\n\n\n<p>E bagun\u00e7a meus sonhos mais quentes<\/p>\n\n\n\n<p>voc\u00ea mexe com meus sentimentos<\/p>\n\n\n\n<p>onde voc\u00ea estiver meu bem<\/p>\n\n\n\n<p>beijos ardentes.<\/p>\n","protected":false},"excerpt":{"rendered":"<p>Mongol &amp; S\u00e9rgio D\u00e2maso Onde voc\u00ea est\u00e1 meu bem sa\u00ed de mim de manh\u00e3 a te procurar pra te encontrar meio descompensado meio perdido no dia. Pelas ruas e esquinas da vida para decifrar os motivos das curvas que fizeram querer te encontrar logo quando acordei. Agora eu vou voltar a dormir pra sonhar contigo [&hellip;]<\/p>\n","protected":false},"author":1,"featured_media":0,"parent":0,"menu_order":0,"comment_status":"closed","ping_status":"closed","template":"","meta":[],"_links":{"self":[{"href":"https:\/\/sergiodamaso.com.br\/index.php\/wp-json\/wp\/v2\/pages\/266"}],"collection":[{"href":"https:\/\/sergiodamaso.com.br\/index.php\/wp-json\/wp\/v2\/pages"}],"about":[{"href":"https:\/\/sergiodamaso.com.br\/index.php\/wp-json\/wp\/v2\/types\/page"}],"author":[{"embeddable":true,"href":"https:\/\/sergiodamaso.com.br\/index.php\/wp-json\/wp\/v2\/users\/1"}],"replies":[{"embeddable":true,"href":"https:\/\/sergiodamaso.com.br\/index.php\/wp-json\/wp\/v2\/comments?post=266"}],"version-history":[{"count":2,"href":"https:\/\/sergiodamaso.com.br\/index.php\/wp-json\/wp\/v2\/pages\/266\/revisions"}],"predecessor-version":[{"id":886,"href":"https:\/\/sergiodamaso.com.br\/index.php\/wp-json\/wp\/v2\/pages\/266\/revisions\/886"}],"wp:attachment":[{"href":"https:\/\/sergiodamaso.com.br\/index.php\/wp-json\/wp\/v2\/media?parent=266"}],"curies":[{"name":"wp","href":"https:\/\/api.w.org\/{rel}","templated":true}]}}