{"id":259,"date":"2024-02-25T14:02:08","date_gmt":"2024-02-25T17:02:08","guid":{"rendered":"https:\/\/sergiodamaso.com.br\/?page_id=259"},"modified":"2024-03-14T16:04:52","modified_gmt":"2024-03-14T19:04:52","slug":"batidas","status":"publish","type":"page","link":"https:\/\/sergiodamaso.com.br\/index.php\/batidas\/","title":{"rendered":"BATIDAS"},"content":{"rendered":"\n<figure class=\"wp-block-audio\"><audio controls src=\"https:\/\/sergiodamaso.com.br\/wp-content\/uploads\/2024\/02\/Batidas.mp3\"><\/audio><\/figure>\n\n\n\n<p><strong><em>Mongol &amp; S\u00e9rgio D\u00e2maso<\/em><\/strong><\/p>\n\n\n\n<p>Batidas no meu cora\u00e7\u00e3o no meio da noite<\/p>\n\n\n\n<p>me trazem recorda\u00e7\u00f5es<\/p>\n\n\n\n<p>produzem emo\u00e7\u00f5es me fazem perder o sono<\/p>\n\n\n\n<p>lembrando de voc\u00ea.<\/p>\n\n\n\n<p>Me sinto um prisioneiro nas grades do amor<\/p>\n\n\n\n<p>na companhia do gosto que ficou<\/p>\n\n\n\n<p>ao lado do desejo que brotou<\/p>\n\n\n\n<p>uma voz suave que falou.<\/p>\n\n\n\n<p>Que falta sinto do teu beijo<\/p>\n\n\n\n<p>que falta sinto do teu olhar<\/p>\n\n\n\n<p>que inveja sinto do tempo<\/p>\n\n\n\n<p>que n\u00e3o me deixa te esquecer.<\/p>\n\n\n\n<p>O nosso amor da nossa paix\u00e3o<\/p>\n\n\n\n<p>mas n\u00e3o se esque\u00e7a de mim<\/p>\n\n\n\n<p>por favor n\u00e3o, por favor<\/p>\n\n\n\n<p>quando eu lembrar de voc\u00ea.<\/p>\n","protected":false},"excerpt":{"rendered":"<p>Mongol &amp; S\u00e9rgio D\u00e2maso Batidas no meu cora\u00e7\u00e3o no meio da noite me trazem recorda\u00e7\u00f5es produzem emo\u00e7\u00f5es me fazem perder o sono lembrando de voc\u00ea. Me sinto um prisioneiro nas grades do amor na companhia do gosto que ficou ao lado do desejo que brotou uma voz suave que falou. Que falta sinto do teu [&hellip;]<\/p>\n","protected":false},"author":1,"featured_media":0,"parent":0,"menu_order":0,"comment_status":"closed","ping_status":"closed","template":"","meta":[],"_links":{"self":[{"href":"https:\/\/sergiodamaso.com.br\/index.php\/wp-json\/wp\/v2\/pages\/259"}],"collection":[{"href":"https:\/\/sergiodamaso.com.br\/index.php\/wp-json\/wp\/v2\/pages"}],"about":[{"href":"https:\/\/sergiodamaso.com.br\/index.php\/wp-json\/wp\/v2\/types\/page"}],"author":[{"embeddable":true,"href":"https:\/\/sergiodamaso.com.br\/index.php\/wp-json\/wp\/v2\/users\/1"}],"replies":[{"embeddable":true,"href":"https:\/\/sergiodamaso.com.br\/index.php\/wp-json\/wp\/v2\/comments?post=259"}],"version-history":[{"count":2,"href":"https:\/\/sergiodamaso.com.br\/index.php\/wp-json\/wp\/v2\/pages\/259\/revisions"}],"predecessor-version":[{"id":884,"href":"https:\/\/sergiodamaso.com.br\/index.php\/wp-json\/wp\/v2\/pages\/259\/revisions\/884"}],"wp:attachment":[{"href":"https:\/\/sergiodamaso.com.br\/index.php\/wp-json\/wp\/v2\/media?parent=259"}],"curies":[{"name":"wp","href":"https:\/\/api.w.org\/{rel}","templated":true}]}}