{"id":252,"date":"2024-02-25T13:57:56","date_gmt":"2024-02-25T16:57:56","guid":{"rendered":"https:\/\/sergiodamaso.com.br\/?page_id=252"},"modified":"2024-03-14T15:33:40","modified_gmt":"2024-03-14T18:33:40","slug":"bambole","status":"publish","type":"page","link":"https:\/\/sergiodamaso.com.br\/index.php\/bambole\/","title":{"rendered":"BAMBOL\u00ca"},"content":{"rendered":"\n<figure class=\"wp-block-audio\"><audio controls src=\"https:\/\/sergiodamaso.com.br\/wp-content\/uploads\/2024\/02\/Bambole.mp3\"><\/audio><\/figure>\n\n\n\n<p><strong><em>Mongol &amp; S\u00e9rgio D\u00e2maso<\/em><\/strong><\/p>\n\n\n\n<p>Bam bam bam bambol\u00ea<\/p>\n\n\n\n<p>roda roda na cintura dela<\/p>\n\n\n\n<p>bam bam bam bambol\u00ea<\/p>\n\n\n\n<p>quero ver ela rebolar pra mim.<\/p>\n\n\n\n<p>Minha pitelzinha<\/p>\n\n\n\n<p>me perco no seu rebolado<\/p>\n\n\n\n<p>e o seu olhar me tonteia<\/p>\n\n\n\n<p>quando voc\u00ea rebola<\/p>\n\n\n\n<p>quero ser agora o seu bambol\u00ea<\/p>\n\n\n\n<p>pra poder rodar e rodar em voc\u00ea.<\/p>\n\n\n\n<p>Me cole em voc\u00ea<\/p>\n\n\n\n<p>pra sentir ent\u00e3o o prazer da roda<\/p>\n\n\n\n<p>na sua cintura, ser seu bambol\u00ea<\/p>\n\n\n\n<p>rolar no seu pesco\u00e7o, n\u00e3o resistir<\/p>\n\n\n\n<p>descer at\u00e9 os seus p\u00e9s<\/p>\n\n\n\n<p>quero ser agora seu bam bam seu bambol\u00ea<\/p>\n","protected":false},"excerpt":{"rendered":"<p>Mongol &amp; S\u00e9rgio D\u00e2maso Bam bam bam bambol\u00ea roda roda na cintura dela bam bam bam bambol\u00ea quero ver ela rebolar pra mim. Minha pitelzinha me perco no seu rebolado e o seu olhar me tonteia quando voc\u00ea rebola quero ser agora o seu bambol\u00ea pra poder rodar e rodar em voc\u00ea. Me cole em [&hellip;]<\/p>\n","protected":false},"author":1,"featured_media":0,"parent":0,"menu_order":0,"comment_status":"closed","ping_status":"closed","template":"","meta":[],"_links":{"self":[{"href":"https:\/\/sergiodamaso.com.br\/index.php\/wp-json\/wp\/v2\/pages\/252"}],"collection":[{"href":"https:\/\/sergiodamaso.com.br\/index.php\/wp-json\/wp\/v2\/pages"}],"about":[{"href":"https:\/\/sergiodamaso.com.br\/index.php\/wp-json\/wp\/v2\/types\/page"}],"author":[{"embeddable":true,"href":"https:\/\/sergiodamaso.com.br\/index.php\/wp-json\/wp\/v2\/users\/1"}],"replies":[{"embeddable":true,"href":"https:\/\/sergiodamaso.com.br\/index.php\/wp-json\/wp\/v2\/comments?post=252"}],"version-history":[{"count":2,"href":"https:\/\/sergiodamaso.com.br\/index.php\/wp-json\/wp\/v2\/pages\/252\/revisions"}],"predecessor-version":[{"id":855,"href":"https:\/\/sergiodamaso.com.br\/index.php\/wp-json\/wp\/v2\/pages\/252\/revisions\/855"}],"wp:attachment":[{"href":"https:\/\/sergiodamaso.com.br\/index.php\/wp-json\/wp\/v2\/media?parent=252"}],"curies":[{"name":"wp","href":"https:\/\/api.w.org\/{rel}","templated":true}]}}