{"id":249,"date":"2024-02-25T13:54:16","date_gmt":"2024-02-25T16:54:16","guid":{"rendered":"https:\/\/sergiodamaso.com.br\/?page_id=249"},"modified":"2024-03-14T15:32:21","modified_gmt":"2024-03-14T18:32:21","slug":"bala-de-hortela","status":"publish","type":"page","link":"https:\/\/sergiodamaso.com.br\/index.php\/bala-de-hortela\/","title":{"rendered":"BALA DE HORTEL\u00c3"},"content":{"rendered":"\n<figure class=\"wp-block-audio\"><audio controls src=\"https:\/\/sergiodamaso.com.br\/wp-content\/uploads\/2024\/02\/Bala-de-hortela.mp3\"><\/audio><\/figure>\n\n\n\n<p><strong><em>Mongol &amp; S\u00e9rgio D\u00e2maso<\/em><\/strong><\/p>\n\n\n\n<p>Bala de hortel\u00e3 de caramelo<\/p>\n\n\n\n<p>bala chita bala del\u00edcia<\/p>\n\n\n\n<p>para chupar e adocicar<\/p>\n\n\n\n<p>a sua e a minha boca.<\/p>\n\n\n\n<p>Vamos beijar e sentir<\/p>\n\n\n\n<p>o gosto bom da vida<\/p>\n\n\n\n<p>o sol da vida o doce mel<\/p>\n\n\n\n<p>esquecer o amargo do fel.<\/p>\n\n\n\n<p>Doce de bala goma de mascar<\/p>\n\n\n\n<p>vamos fazer bola e estourar<\/p>\n\n\n\n<p>e depois beijar, beijar muito.<\/p>\n\n\n\n<p>Doce na boca me faz lembrar<\/p>\n\n\n\n<p>seu doce beijo de hortel\u00e3<\/p>\n\n\n\n<p>e n\u00e3o esquecer de voc\u00ea.<\/p>\n","protected":false},"excerpt":{"rendered":"<p>Mongol &amp; S\u00e9rgio D\u00e2maso Bala de hortel\u00e3 de caramelo bala chita bala del\u00edcia para chupar e adocicar a sua e a minha boca. Vamos beijar e sentir o gosto bom da vida o sol da vida o doce mel esquecer o amargo do fel. Doce de bala goma de mascar vamos fazer bola e estourar [&hellip;]<\/p>\n","protected":false},"author":1,"featured_media":0,"parent":0,"menu_order":0,"comment_status":"closed","ping_status":"closed","template":"","meta":[],"_links":{"self":[{"href":"https:\/\/sergiodamaso.com.br\/index.php\/wp-json\/wp\/v2\/pages\/249"}],"collection":[{"href":"https:\/\/sergiodamaso.com.br\/index.php\/wp-json\/wp\/v2\/pages"}],"about":[{"href":"https:\/\/sergiodamaso.com.br\/index.php\/wp-json\/wp\/v2\/types\/page"}],"author":[{"embeddable":true,"href":"https:\/\/sergiodamaso.com.br\/index.php\/wp-json\/wp\/v2\/users\/1"}],"replies":[{"embeddable":true,"href":"https:\/\/sergiodamaso.com.br\/index.php\/wp-json\/wp\/v2\/comments?post=249"}],"version-history":[{"count":2,"href":"https:\/\/sergiodamaso.com.br\/index.php\/wp-json\/wp\/v2\/pages\/249\/revisions"}],"predecessor-version":[{"id":854,"href":"https:\/\/sergiodamaso.com.br\/index.php\/wp-json\/wp\/v2\/pages\/249\/revisions\/854"}],"wp:attachment":[{"href":"https:\/\/sergiodamaso.com.br\/index.php\/wp-json\/wp\/v2\/media?parent=249"}],"curies":[{"name":"wp","href":"https:\/\/api.w.org\/{rel}","templated":true}]}}