{"id":246,"date":"2024-02-25T13:53:00","date_gmt":"2024-02-25T16:53:00","guid":{"rendered":"https:\/\/sergiodamaso.com.br\/?page_id=246"},"modified":"2024-03-14T15:31:32","modified_gmt":"2024-03-14T18:31:32","slug":"avioes-no-ceu","status":"publish","type":"page","link":"https:\/\/sergiodamaso.com.br\/index.php\/avioes-no-ceu\/","title":{"rendered":"AVI\u00d5ES NO C\u00c9U"},"content":{"rendered":"\n<figure class=\"wp-block-audio\"><audio controls src=\"https:\/\/sergiodamaso.com.br\/wp-content\/uploads\/2024\/02\/Avioes-no-ceu.mp3\"><\/audio><\/figure>\n\n\n\n<p><strong><em>Mongol &amp; S\u00e9rgio D\u00e2maso<\/em><\/strong><\/p>\n\n\n\n<p>Ah! voc\u00ea me sumiu assim<\/p>\n\n\n\n<p>como quem v\u00ea avi\u00f5es no c\u00e9u<\/p>\n\n\n\n<p>voando entre nuvens<\/p>\n\n\n\n<p>deixando somente um rastro branco.<\/p>\n\n\n\n<p>Ah! voc\u00ea me deixou assim<\/p>\n\n\n\n<p>como quem v\u00ea os pingos d\u2019\u00e1gua<\/p>\n\n\n\n<p>caindo escorrendo e sumindo<\/p>\n\n\n\n<p>ficando somente a terra vermelha.<\/p>\n\n\n\n<p>\u00c9 imposs\u00edvel esquecer<\/p>\n\n\n\n<p>que um dia voc\u00ea foi minha<\/p>\n\n\n\n<p>\u00e9 dif\u00edcil perder<\/p>\n\n\n\n<p>teu amor voando, deslizando de mim.<\/p>\n\n\n\n<p>Sei l\u00e1 parece ser verdade e mentira<\/p>\n\n\n\n<p>tudo uma fantasia colorida<\/p>\n\n\n\n<p>sei l\u00e1 s\u00f3 sei que voc\u00ea foi<\/p>\n\n\n\n<p>meu come\u00e7o meu fim.<\/p>\n","protected":false},"excerpt":{"rendered":"<p>Mongol &amp; S\u00e9rgio D\u00e2maso Ah! voc\u00ea me sumiu assim como quem v\u00ea avi\u00f5es no c\u00e9u voando entre nuvens deixando somente um rastro branco. Ah! voc\u00ea me deixou assim como quem v\u00ea os pingos d\u2019\u00e1gua caindo escorrendo e sumindo ficando somente a terra vermelha. \u00c9 imposs\u00edvel esquecer que um dia voc\u00ea foi minha \u00e9 dif\u00edcil perder [&hellip;]<\/p>\n","protected":false},"author":1,"featured_media":0,"parent":0,"menu_order":0,"comment_status":"closed","ping_status":"closed","template":"","meta":[],"_links":{"self":[{"href":"https:\/\/sergiodamaso.com.br\/index.php\/wp-json\/wp\/v2\/pages\/246"}],"collection":[{"href":"https:\/\/sergiodamaso.com.br\/index.php\/wp-json\/wp\/v2\/pages"}],"about":[{"href":"https:\/\/sergiodamaso.com.br\/index.php\/wp-json\/wp\/v2\/types\/page"}],"author":[{"embeddable":true,"href":"https:\/\/sergiodamaso.com.br\/index.php\/wp-json\/wp\/v2\/users\/1"}],"replies":[{"embeddable":true,"href":"https:\/\/sergiodamaso.com.br\/index.php\/wp-json\/wp\/v2\/comments?post=246"}],"version-history":[{"count":2,"href":"https:\/\/sergiodamaso.com.br\/index.php\/wp-json\/wp\/v2\/pages\/246\/revisions"}],"predecessor-version":[{"id":853,"href":"https:\/\/sergiodamaso.com.br\/index.php\/wp-json\/wp\/v2\/pages\/246\/revisions\/853"}],"wp:attachment":[{"href":"https:\/\/sergiodamaso.com.br\/index.php\/wp-json\/wp\/v2\/media?parent=246"}],"curies":[{"name":"wp","href":"https:\/\/api.w.org\/{rel}","templated":true}]}}