{"id":243,"date":"2024-02-25T13:51:49","date_gmt":"2024-02-25T16:51:49","guid":{"rendered":"https:\/\/sergiodamaso.com.br\/?page_id=243"},"modified":"2024-03-14T15:30:21","modified_gmt":"2024-03-14T18:30:21","slug":"aquele-amor-que-nao-cabe-em-mim","status":"publish","type":"page","link":"https:\/\/sergiodamaso.com.br\/index.php\/aquele-amor-que-nao-cabe-em-mim\/","title":{"rendered":"AQUELE AMOR QUE N\u00c3O CABE EM MIM"},"content":{"rendered":"\n<figure class=\"wp-block-audio\"><audio controls src=\"https:\/\/sergiodamaso.com.br\/wp-content\/uploads\/2024\/02\/Aquele-amor-que-nao-cabe-em-mim.mp3\"><\/audio><\/figure>\n\n\n\n<p><strong><em>Mongol &amp; S\u00e9rgio D\u00e2maso<\/em><\/strong><\/p>\n\n\n\n<p>Sabe aquele amor que n\u00e3o cabe em mim?<\/p>\n\n\n\n<p>e que eu sinto por voc\u00ea.<\/p>\n\n\n\n<p>Assim t\u00e3o grande assim t\u00e3o leve<\/p>\n\n\n\n<p>que me faz perder o ch\u00e3o<\/p>\n\n\n\n<p>quando eu penso em voc\u00ea.<\/p>\n\n\n\n<p>Amor que faz e pode tudo<\/p>\n\n\n\n<p>que me deixa sempre mudo<\/p>\n\n\n\n<p>quando chego perto de voc\u00ea.<\/p>\n\n\n\n<p>Amor que queima igual fogueira<\/p>\n\n\n\n<p>que consome a noite inteira<\/p>\n\n\n\n<p>no calor dessa paix\u00e3o<\/p>\n\n\n\n<p>e entra pra n\u00e3o mais sair<\/p>\n\n\n\n<p>que \u00e0s vezes tenta ir embora<\/p>\n\n\n\n<p>mas jogou a chave fora.<\/p>\n\n\n\n<p>Sabe aquele amor que n\u00e3o cabe em mim<\/p>\n\n\n\n<p>e que eu sinto por voc\u00ea.<\/p>\n","protected":false},"excerpt":{"rendered":"<p>Mongol &amp; S\u00e9rgio D\u00e2maso Sabe aquele amor que n\u00e3o cabe em mim? e que eu sinto por voc\u00ea. Assim t\u00e3o grande assim t\u00e3o leve que me faz perder o ch\u00e3o quando eu penso em voc\u00ea. Amor que faz e pode tudo que me deixa sempre mudo quando chego perto de voc\u00ea. Amor que queima igual [&hellip;]<\/p>\n","protected":false},"author":1,"featured_media":0,"parent":0,"menu_order":0,"comment_status":"closed","ping_status":"closed","template":"","meta":[],"_links":{"self":[{"href":"https:\/\/sergiodamaso.com.br\/index.php\/wp-json\/wp\/v2\/pages\/243"}],"collection":[{"href":"https:\/\/sergiodamaso.com.br\/index.php\/wp-json\/wp\/v2\/pages"}],"about":[{"href":"https:\/\/sergiodamaso.com.br\/index.php\/wp-json\/wp\/v2\/types\/page"}],"author":[{"embeddable":true,"href":"https:\/\/sergiodamaso.com.br\/index.php\/wp-json\/wp\/v2\/users\/1"}],"replies":[{"embeddable":true,"href":"https:\/\/sergiodamaso.com.br\/index.php\/wp-json\/wp\/v2\/comments?post=243"}],"version-history":[{"count":2,"href":"https:\/\/sergiodamaso.com.br\/index.php\/wp-json\/wp\/v2\/pages\/243\/revisions"}],"predecessor-version":[{"id":852,"href":"https:\/\/sergiodamaso.com.br\/index.php\/wp-json\/wp\/v2\/pages\/243\/revisions\/852"}],"wp:attachment":[{"href":"https:\/\/sergiodamaso.com.br\/index.php\/wp-json\/wp\/v2\/media?parent=243"}],"curies":[{"name":"wp","href":"https:\/\/api.w.org\/{rel}","templated":true}]}}