{"id":239,"date":"2024-02-25T13:50:30","date_gmt":"2024-02-25T16:50:30","guid":{"rendered":"https:\/\/sergiodamaso.com.br\/?page_id=239"},"modified":"2024-03-14T15:27:22","modified_gmt":"2024-03-14T18:27:22","slug":"apesar-do-fim","status":"publish","type":"page","link":"https:\/\/sergiodamaso.com.br\/index.php\/apesar-do-fim\/","title":{"rendered":"APESAR DO FIM"},"content":{"rendered":"\n<figure class=\"wp-block-audio\"><audio controls src=\"https:\/\/sergiodamaso.com.br\/wp-content\/uploads\/2024\/02\/Apesar-do-fim.mp3\"><\/audio><\/figure>\n\n\n\n<p><strong><em>Mongol &amp; S\u00e9rgio D\u00e2maso<\/em><\/strong><\/p>\n\n\n\n<p>Pensei: eu n\u00e3o vou desistir<\/p>\n\n\n\n<p>perdi meu trem para te ver<\/p>\n\n\n\n<p>tentar mais uma vez eu vou<\/p>\n\n\n\n<p>novamente quem sabe n\u00f3s dois&#8230;.<\/p>\n\n\n\n<p>Lembrei dos momentos na pra\u00e7a na esta\u00e7\u00e3o<\/p>\n\n\n\n<p>no teatro, no bar, na cama de manh\u00e3<\/p>\n\n\n\n<p>nossos caf\u00e9s da manh\u00e3, nossos jantares \u00e0 velas<\/p>\n\n\n\n<p>nossas cartas e bilhetes deixados um para o outro.<\/p>\n\n\n\n<p>Vou te telefonar vou te achar<\/p>\n\n\n\n<p>vou romper tudo mais pra te ver novamente.<\/p>\n\n\n\n<p>Vou perder tudo menos voc\u00ea<\/p>\n\n\n\n<p>para ningu\u00e9m n\u00e3o vou<\/p>\n\n\n\n<p>apesar do fim do fim<\/p>\n\n\n\n<p>que n\u00e3o vi em n\u00f3s dois.<\/p>\n","protected":false},"excerpt":{"rendered":"<p>Mongol &amp; S\u00e9rgio D\u00e2maso Pensei: eu n\u00e3o vou desistir perdi meu trem para te ver tentar mais uma vez eu vou novamente quem sabe n\u00f3s dois&#8230;. Lembrei dos momentos na pra\u00e7a na esta\u00e7\u00e3o no teatro, no bar, na cama de manh\u00e3 nossos caf\u00e9s da manh\u00e3, nossos jantares \u00e0 velas nossas cartas e bilhetes deixados um [&hellip;]<\/p>\n","protected":false},"author":1,"featured_media":0,"parent":0,"menu_order":0,"comment_status":"closed","ping_status":"closed","template":"","meta":[],"_links":{"self":[{"href":"https:\/\/sergiodamaso.com.br\/index.php\/wp-json\/wp\/v2\/pages\/239"}],"collection":[{"href":"https:\/\/sergiodamaso.com.br\/index.php\/wp-json\/wp\/v2\/pages"}],"about":[{"href":"https:\/\/sergiodamaso.com.br\/index.php\/wp-json\/wp\/v2\/types\/page"}],"author":[{"embeddable":true,"href":"https:\/\/sergiodamaso.com.br\/index.php\/wp-json\/wp\/v2\/users\/1"}],"replies":[{"embeddable":true,"href":"https:\/\/sergiodamaso.com.br\/index.php\/wp-json\/wp\/v2\/comments?post=239"}],"version-history":[{"count":2,"href":"https:\/\/sergiodamaso.com.br\/index.php\/wp-json\/wp\/v2\/pages\/239\/revisions"}],"predecessor-version":[{"id":851,"href":"https:\/\/sergiodamaso.com.br\/index.php\/wp-json\/wp\/v2\/pages\/239\/revisions\/851"}],"wp:attachment":[{"href":"https:\/\/sergiodamaso.com.br\/index.php\/wp-json\/wp\/v2\/media?parent=239"}],"curies":[{"name":"wp","href":"https:\/\/api.w.org\/{rel}","templated":true}]}}