{"id":233,"date":"2024-02-25T13:47:26","date_gmt":"2024-02-25T16:47:26","guid":{"rendered":"https:\/\/sergiodamaso.com.br\/?page_id=233"},"modified":"2024-03-14T13:27:04","modified_gmt":"2024-03-14T16:27:04","slug":"amor-deixado-de-lado","status":"publish","type":"page","link":"https:\/\/sergiodamaso.com.br\/index.php\/amor-deixado-de-lado\/","title":{"rendered":"AMOR DEIXADO DE LADO"},"content":{"rendered":"\n<figure class=\"wp-block-audio\"><audio controls src=\"https:\/\/sergiodamaso.com.br\/wp-content\/uploads\/2024\/02\/Amor-deixado-de-lado.mp3\"><\/audio><\/figure>\n\n\n\n<p><strong><em>Mongol &amp; S\u00e9rgio D\u00e2maso<\/em><\/strong><\/p>\n\n\n\n<p>Amor deixado de lado<\/p>\n\n\n\n<p>\u00e9 perd\u00e3o que n\u00e3o perdoa<\/p>\n\n\n\n<p>\u00e9 rem\u00e9dio que n\u00e3o cura<\/p>\n\n\n\n<p>n\u00e3o tem como reconciliar.<\/p>\n\n\n\n<p>Um cora\u00e7\u00e3o machucado do\u00eddo e magoado<\/p>\n\n\n\n<p>abandonado ao l\u00e9u olhando para o c\u00e9u<\/p>\n\n\n\n<p>nem o tempo dir\u00e1 se a dor vai passar.<\/p>\n\n\n\n<p>Um cora\u00e7\u00e3o<\/p>\n\n\n\n<p>procurando no sol ou na lua<\/p>\n\n\n\n<p>uma explica\u00e7\u00e3o plaus\u00edvel do amor<\/p>\n\n\n\n<p>isso s\u00f3 faz esquecer<\/p>\n\n\n\n<p>qualquer caso s\u00e9rio e poss\u00edvel.<\/p>\n\n\n\n<p>Como uma mulher que acha que ama<\/p>\n\n\n\n<p>mas que acredita em duendes e fadas<\/p>\n\n\n\n<p>e que fica em mist\u00e9rios guardada invis\u00edvel.<\/p>\n\n\n\n<p>Amor deixado de lado<\/p>\n\n\n\n<p>\u00e9 algo assim sem p\u00e9 nem cabe\u00e7a<\/p>\n\n\n\n<p>que somente um cora\u00e7\u00e3o sem rancor<\/p>\n\n\n\n<p>pode entender o lado certo do amor.<\/p>\n","protected":false},"excerpt":{"rendered":"<p>Mongol &amp; S\u00e9rgio D\u00e2maso Amor deixado de lado \u00e9 perd\u00e3o que n\u00e3o perdoa \u00e9 rem\u00e9dio que n\u00e3o cura n\u00e3o tem como reconciliar. Um cora\u00e7\u00e3o machucado do\u00eddo e magoado abandonado ao l\u00e9u olhando para o c\u00e9u nem o tempo dir\u00e1 se a dor vai passar. Um cora\u00e7\u00e3o procurando no sol ou na lua uma explica\u00e7\u00e3o plaus\u00edvel [&hellip;]<\/p>\n","protected":false},"author":1,"featured_media":0,"parent":0,"menu_order":0,"comment_status":"closed","ping_status":"closed","template":"","meta":[],"_links":{"self":[{"href":"https:\/\/sergiodamaso.com.br\/index.php\/wp-json\/wp\/v2\/pages\/233"}],"collection":[{"href":"https:\/\/sergiodamaso.com.br\/index.php\/wp-json\/wp\/v2\/pages"}],"about":[{"href":"https:\/\/sergiodamaso.com.br\/index.php\/wp-json\/wp\/v2\/types\/page"}],"author":[{"embeddable":true,"href":"https:\/\/sergiodamaso.com.br\/index.php\/wp-json\/wp\/v2\/users\/1"}],"replies":[{"embeddable":true,"href":"https:\/\/sergiodamaso.com.br\/index.php\/wp-json\/wp\/v2\/comments?post=233"}],"version-history":[{"count":2,"href":"https:\/\/sergiodamaso.com.br\/index.php\/wp-json\/wp\/v2\/pages\/233\/revisions"}],"predecessor-version":[{"id":841,"href":"https:\/\/sergiodamaso.com.br\/index.php\/wp-json\/wp\/v2\/pages\/233\/revisions\/841"}],"wp:attachment":[{"href":"https:\/\/sergiodamaso.com.br\/index.php\/wp-json\/wp\/v2\/media?parent=233"}],"curies":[{"name":"wp","href":"https:\/\/api.w.org\/{rel}","templated":true}]}}