{"id":230,"date":"2024-02-25T13:45:49","date_gmt":"2024-02-25T16:45:49","guid":{"rendered":"https:\/\/sergiodamaso.com.br\/?page_id=230"},"modified":"2024-03-14T13:26:21","modified_gmt":"2024-03-14T16:26:21","slug":"amor-bandido","status":"publish","type":"page","link":"https:\/\/sergiodamaso.com.br\/index.php\/amor-bandido\/","title":{"rendered":"AMOR BANDIDO"},"content":{"rendered":"\n<figure class=\"wp-block-audio\"><audio controls src=\"https:\/\/sergiodamaso.com.br\/wp-content\/uploads\/2024\/02\/Amor-bandido.mp3\"><\/audio><\/figure>\n\n\n\n<p><strong><em>Mongol &amp; S\u00e9rgio D\u00e2maso<\/em><\/strong><\/p>\n\n\n\n<p>Eu j\u00e1 perdoei o meu cora\u00e7\u00e3o<\/p>\n\n\n\n<p>por esquecer voc\u00ea<\/p>\n\n\n\n<p>j\u00e1 fiz as pazes com meus sonhos<\/p>\n\n\n\n<p>por n\u00e3o lembrar voc\u00ea.<\/p>\n\n\n\n<p>N\u00e3o tenho mais o que fazer<\/p>\n\n\n\n<p>n\u00e3o tenho mais o que querer<\/p>\n\n\n\n<p>aqui agora amanh\u00e3 ou depois.<\/p>\n\n\n\n<p>N\u00e3o vou mais sofrer<\/p>\n\n\n\n<p>n\u00e3o vou mais chorar<\/p>\n\n\n\n<p>nunca mais n\u00e3o vou<\/p>\n\n\n\n<p>por voc\u00ea lamentar n\u00e3o.<\/p>\n\n\n\n<p>Amor perdido \u00e9 como bandido<\/p>\n\n\n\n<p>banido no meio da multid\u00e3o<\/p>\n\n\n\n<p>amor esquecido \u00e9 como o ladr\u00e3o<\/p>\n\n\n\n<p>querendo roubar qualquer paix\u00e3o.<\/p>\n","protected":false},"excerpt":{"rendered":"<p>Mongol &amp; S\u00e9rgio D\u00e2maso Eu j\u00e1 perdoei o meu cora\u00e7\u00e3o por esquecer voc\u00ea j\u00e1 fiz as pazes com meus sonhos por n\u00e3o lembrar voc\u00ea. N\u00e3o tenho mais o que fazer n\u00e3o tenho mais o que querer aqui agora amanh\u00e3 ou depois. N\u00e3o vou mais sofrer n\u00e3o vou mais chorar nunca mais n\u00e3o vou por voc\u00ea [&hellip;]<\/p>\n","protected":false},"author":1,"featured_media":0,"parent":0,"menu_order":0,"comment_status":"closed","ping_status":"closed","template":"","meta":[],"_links":{"self":[{"href":"https:\/\/sergiodamaso.com.br\/index.php\/wp-json\/wp\/v2\/pages\/230"}],"collection":[{"href":"https:\/\/sergiodamaso.com.br\/index.php\/wp-json\/wp\/v2\/pages"}],"about":[{"href":"https:\/\/sergiodamaso.com.br\/index.php\/wp-json\/wp\/v2\/types\/page"}],"author":[{"embeddable":true,"href":"https:\/\/sergiodamaso.com.br\/index.php\/wp-json\/wp\/v2\/users\/1"}],"replies":[{"embeddable":true,"href":"https:\/\/sergiodamaso.com.br\/index.php\/wp-json\/wp\/v2\/comments?post=230"}],"version-history":[{"count":2,"href":"https:\/\/sergiodamaso.com.br\/index.php\/wp-json\/wp\/v2\/pages\/230\/revisions"}],"predecessor-version":[{"id":840,"href":"https:\/\/sergiodamaso.com.br\/index.php\/wp-json\/wp\/v2\/pages\/230\/revisions\/840"}],"wp:attachment":[{"href":"https:\/\/sergiodamaso.com.br\/index.php\/wp-json\/wp\/v2\/media?parent=230"}],"curies":[{"name":"wp","href":"https:\/\/api.w.org\/{rel}","templated":true}]}}