{"id":227,"date":"2024-02-25T13:44:10","date_gmt":"2024-02-25T16:44:10","guid":{"rendered":"https:\/\/sergiodamaso.com.br\/?page_id=227"},"modified":"2024-03-14T13:05:37","modified_gmt":"2024-03-14T16:05:37","slug":"agora-eu-sei","status":"publish","type":"page","link":"https:\/\/sergiodamaso.com.br\/index.php\/agora-eu-sei\/","title":{"rendered":"AGORA EU SEI"},"content":{"rendered":"\n<figure class=\"wp-block-audio\"><audio controls src=\"https:\/\/sergiodamaso.com.br\/wp-content\/uploads\/2024\/02\/Agora-eu-sei.mp3\"><\/audio><\/figure>\n\n\n\n<p><strong><em>Mongol &amp; S\u00e9rgio D\u00e2maso<\/em><\/strong><\/p>\n\n\n\n<p>Agora eu sei<\/p>\n\n\n\n<p>pode a chuva querer esconder voc\u00ea nas nuvens<\/p>\n\n\n\n<p>pode o sol querer esconder o brilho teu<\/p>\n\n\n\n<p>pode a lua querer esconder voc\u00ea na escurid\u00e3o.<\/p>\n\n\n\n<p>Vou te encontrar eu vou<\/p>\n\n\n\n<p>pode ser aqui na terra, nos astros, no infinito<\/p>\n\n\n\n<p>nem um raio ou trov\u00e3o poder\u00e1 calar meu grito&nbsp;&nbsp;&nbsp;&nbsp;&nbsp;&nbsp;&nbsp;&nbsp;&nbsp;&nbsp;&nbsp;&nbsp;&nbsp;&nbsp;&nbsp;&nbsp;&nbsp;&nbsp;&nbsp;&nbsp;&nbsp;&nbsp;&nbsp;&nbsp;&nbsp;&nbsp;&nbsp;&nbsp;&nbsp;&nbsp;&nbsp;&nbsp;&nbsp;&nbsp;&nbsp;&nbsp;<\/p>\n\n\n\n<p>na verdade do amor, do real, dessa paix\u00e3o.<\/p>\n\n\n\n<p>Lembro como tudo aconteceu<\/p>\n\n\n\n<p>voc\u00ea apareceu assim pra mim<\/p>\n\n\n\n<p>como princesa na minha vida<\/p>\n\n\n\n<p>quando fitei os teus olhos, me apaixonei<\/p>\n\n\n\n<p>vi uma estrada florida e nossos destinos tra\u00e7ados.<\/p>\n\n\n\n<p>Agora eu vou cantar voc\u00ea<\/p>\n\n\n\n<p>agora eu vou amar voc\u00ea<\/p>\n\n\n\n<p>sei que vou at\u00e9 o fim<\/p>\n\n\n\n<p>voc\u00ea n\u00e3o vai fugir de mim.<\/p>\n","protected":false},"excerpt":{"rendered":"<p>Mongol &amp; S\u00e9rgio D\u00e2maso Agora eu sei pode a chuva querer esconder voc\u00ea nas nuvens pode o sol querer esconder o brilho teu pode a lua querer esconder voc\u00ea na escurid\u00e3o. Vou te encontrar eu vou pode ser aqui na terra, nos astros, no infinito nem um raio ou trov\u00e3o poder\u00e1 calar meu grito&nbsp;&nbsp;&nbsp;&nbsp;&nbsp;&nbsp;&nbsp;&nbsp;&nbsp;&nbsp;&nbsp;&nbsp;&nbsp;&nbsp;&nbsp;&nbsp;&nbsp;&nbsp;&nbsp;&nbsp;&nbsp;&nbsp;&nbsp;&nbsp;&nbsp;&nbsp;&nbsp;&nbsp;&nbsp;&nbsp;&nbsp;&nbsp;&nbsp;&nbsp;&nbsp;&nbsp; na [&hellip;]<\/p>\n","protected":false},"author":1,"featured_media":0,"parent":0,"menu_order":0,"comment_status":"closed","ping_status":"closed","template":"","meta":[],"_links":{"self":[{"href":"https:\/\/sergiodamaso.com.br\/index.php\/wp-json\/wp\/v2\/pages\/227"}],"collection":[{"href":"https:\/\/sergiodamaso.com.br\/index.php\/wp-json\/wp\/v2\/pages"}],"about":[{"href":"https:\/\/sergiodamaso.com.br\/index.php\/wp-json\/wp\/v2\/types\/page"}],"author":[{"embeddable":true,"href":"https:\/\/sergiodamaso.com.br\/index.php\/wp-json\/wp\/v2\/users\/1"}],"replies":[{"embeddable":true,"href":"https:\/\/sergiodamaso.com.br\/index.php\/wp-json\/wp\/v2\/comments?post=227"}],"version-history":[{"count":2,"href":"https:\/\/sergiodamaso.com.br\/index.php\/wp-json\/wp\/v2\/pages\/227\/revisions"}],"predecessor-version":[{"id":839,"href":"https:\/\/sergiodamaso.com.br\/index.php\/wp-json\/wp\/v2\/pages\/227\/revisions\/839"}],"wp:attachment":[{"href":"https:\/\/sergiodamaso.com.br\/index.php\/wp-json\/wp\/v2\/media?parent=227"}],"curies":[{"name":"wp","href":"https:\/\/api.w.org\/{rel}","templated":true}]}}