{"id":224,"date":"2024-02-25T13:42:18","date_gmt":"2024-02-25T16:42:18","guid":{"rendered":"https:\/\/sergiodamaso.com.br\/?page_id=224"},"modified":"2024-03-14T13:05:05","modified_gmt":"2024-03-14T16:05:05","slug":"agora-chupa","status":"publish","type":"page","link":"https:\/\/sergiodamaso.com.br\/index.php\/agora-chupa\/","title":{"rendered":"AGORA CHUPA"},"content":{"rendered":"\n<figure class=\"wp-block-audio\"><audio controls src=\"https:\/\/sergiodamaso.com.br\/wp-content\/uploads\/2024\/02\/Agora-chupa.mp3\"><\/audio><\/figure>\n\n\n\n<p><strong><em>Mongol &amp; S\u00e9rgio D\u00e2maso<\/em><\/strong><\/p>\n\n\n\n<p>Vou eu vou n\u00e3o lembrar<\/p>\n\n\n\n<p>&nbsp;eu vou n\u00e3o pensar<\/p>\n\n\n\n<p>do que fez com o meu cora\u00e7\u00e3o<\/p>\n\n\n\n<p>do que fez com minha inten\u00e7\u00e3o.<\/p>\n\n\n\n<p>Suas vontades suas decis\u00f5es suas decis\u00f5es<\/p>\n\n\n\n<p>suas pretens\u00f5es para comigo<\/p>\n\n\n\n<p>n\u00e3o passaram de ilus\u00f5es<\/p>\n\n\n\n<p>n\u00e3o passaram de um caso perdido<\/p>\n\n\n\n<p>suas pretens\u00f5es.<\/p>\n\n\n\n<p>Voc\u00ea me deixou de lado<\/p>\n\n\n\n<p>voc\u00ea me deixou num canto<\/p>\n\n\n\n<p>procurando o seu amor<\/p>\n\n\n\n<p>procurando sua paix\u00e3o.<\/p>\n\n\n\n<p>Ent\u00e3o veja se me esquece<\/p>\n\n\n\n<p>eu n\u00e3o sou nem mais de longe<\/p>\n\n\n\n<p>n\u00e3o sou mais o seu amor<\/p>\n\n\n\n<p>nem sou mais sua paix\u00e3o<\/p>\n\n\n\n<p>O que me doeu agora n\u00e3o doe<\/p>\n\n\n\n<p>o que me machucou agora n\u00e3o machuca<\/p>\n\n\n\n<p>se arrependeu, agora \u00e9 tarde<\/p>\n\n\n\n<p>meu cora\u00e7\u00e3o est\u00e1 batendo livre de voc\u00ea por outro algu\u00e9m<\/p>\n\n\n\n<p>agora chupa.<\/p>\n","protected":false},"excerpt":{"rendered":"<p>Mongol &amp; S\u00e9rgio D\u00e2maso Vou eu vou n\u00e3o lembrar &nbsp;eu vou n\u00e3o pensar do que fez com o meu cora\u00e7\u00e3o do que fez com minha inten\u00e7\u00e3o. Suas vontades suas decis\u00f5es suas decis\u00f5es suas pretens\u00f5es para comigo n\u00e3o passaram de ilus\u00f5es n\u00e3o passaram de um caso perdido suas pretens\u00f5es. Voc\u00ea me deixou de lado voc\u00ea me [&hellip;]<\/p>\n","protected":false},"author":1,"featured_media":0,"parent":0,"menu_order":0,"comment_status":"closed","ping_status":"closed","template":"","meta":[],"_links":{"self":[{"href":"https:\/\/sergiodamaso.com.br\/index.php\/wp-json\/wp\/v2\/pages\/224"}],"collection":[{"href":"https:\/\/sergiodamaso.com.br\/index.php\/wp-json\/wp\/v2\/pages"}],"about":[{"href":"https:\/\/sergiodamaso.com.br\/index.php\/wp-json\/wp\/v2\/types\/page"}],"author":[{"embeddable":true,"href":"https:\/\/sergiodamaso.com.br\/index.php\/wp-json\/wp\/v2\/users\/1"}],"replies":[{"embeddable":true,"href":"https:\/\/sergiodamaso.com.br\/index.php\/wp-json\/wp\/v2\/comments?post=224"}],"version-history":[{"count":2,"href":"https:\/\/sergiodamaso.com.br\/index.php\/wp-json\/wp\/v2\/pages\/224\/revisions"}],"predecessor-version":[{"id":838,"href":"https:\/\/sergiodamaso.com.br\/index.php\/wp-json\/wp\/v2\/pages\/224\/revisions\/838"}],"wp:attachment":[{"href":"https:\/\/sergiodamaso.com.br\/index.php\/wp-json\/wp\/v2\/media?parent=224"}],"curies":[{"name":"wp","href":"https:\/\/api.w.org\/{rel}","templated":true}]}}