{"id":221,"date":"2024-02-25T13:40:07","date_gmt":"2024-02-25T16:40:07","guid":{"rendered":"https:\/\/sergiodamaso.com.br\/?page_id=221"},"modified":"2024-03-14T13:03:27","modified_gmt":"2024-03-14T16:03:27","slug":"acordei-e-dormi","status":"publish","type":"page","link":"https:\/\/sergiodamaso.com.br\/index.php\/acordei-e-dormi\/","title":{"rendered":"ACORDEI E DORMI"},"content":{"rendered":"\n<figure class=\"wp-block-audio\"><audio controls src=\"https:\/\/sergiodamaso.com.br\/wp-content\/uploads\/2024\/02\/Acordei-e-dormi.mp3\"><\/audio><\/figure>\n\n\n\n<p><strong><em>Mongol &amp; S\u00e9rgio D\u00e2maso<\/em><\/strong><\/p>\n\n\n\n<p>Ontem acordei pensando em voc\u00ea<\/p>\n\n\n\n<p>com minha boca molhada<\/p>\n\n\n\n<p>com meu corpo suado<\/p>\n\n\n\n<p>e meus olhos marejados.<\/p>\n\n\n\n<p>Tudo \u00e9 t\u00e3o certo<\/p>\n\n\n\n<p>que nada foi em v\u00e3o<\/p>\n\n\n\n<p>tudo \u00e9 t\u00e3o s\u00e9rio<\/p>\n\n\n\n<p>que nada foi uma ilus\u00e3o uma ilus\u00e3o.<\/p>\n\n\n\n<p>Hoje dormi sonhando com voc\u00ea<\/p>\n\n\n\n<p>com meus bra\u00e7os abertos<\/p>\n\n\n\n<p>com meu cora\u00e7\u00e3o apertado<\/p>\n\n\n\n<p>me sentindo todo descoberto.<\/p>\n\n\n\n<p>Quantas vezes acordei e dormi<\/p>\n\n\n\n<p>tentado te encontrar e te querer<\/p>\n\n\n\n<p>tem sido sempre assim<\/p>\n\n\n\n<p>mas basta teu calor o teu amor.<\/p>\n\n\n\n<p>N\u00e3o vou sofrer n\u00e3o vou te esquecer<\/p>\n\n\n\n<p>e dessa aventura, meu amor, n\u00e3o vou me arrepender.<\/p>\n","protected":false},"excerpt":{"rendered":"<p>Mongol &amp; S\u00e9rgio D\u00e2maso Ontem acordei pensando em voc\u00ea com minha boca molhada com meu corpo suado e meus olhos marejados. Tudo \u00e9 t\u00e3o certo que nada foi em v\u00e3o tudo \u00e9 t\u00e3o s\u00e9rio que nada foi uma ilus\u00e3o uma ilus\u00e3o. Hoje dormi sonhando com voc\u00ea com meus bra\u00e7os abertos com meu cora\u00e7\u00e3o apertado me [&hellip;]<\/p>\n","protected":false},"author":1,"featured_media":0,"parent":0,"menu_order":0,"comment_status":"closed","ping_status":"closed","template":"","meta":[],"_links":{"self":[{"href":"https:\/\/sergiodamaso.com.br\/index.php\/wp-json\/wp\/v2\/pages\/221"}],"collection":[{"href":"https:\/\/sergiodamaso.com.br\/index.php\/wp-json\/wp\/v2\/pages"}],"about":[{"href":"https:\/\/sergiodamaso.com.br\/index.php\/wp-json\/wp\/v2\/types\/page"}],"author":[{"embeddable":true,"href":"https:\/\/sergiodamaso.com.br\/index.php\/wp-json\/wp\/v2\/users\/1"}],"replies":[{"embeddable":true,"href":"https:\/\/sergiodamaso.com.br\/index.php\/wp-json\/wp\/v2\/comments?post=221"}],"version-history":[{"count":2,"href":"https:\/\/sergiodamaso.com.br\/index.php\/wp-json\/wp\/v2\/pages\/221\/revisions"}],"predecessor-version":[{"id":837,"href":"https:\/\/sergiodamaso.com.br\/index.php\/wp-json\/wp\/v2\/pages\/221\/revisions\/837"}],"wp:attachment":[{"href":"https:\/\/sergiodamaso.com.br\/index.php\/wp-json\/wp\/v2\/media?parent=221"}],"curies":[{"name":"wp","href":"https:\/\/api.w.org\/{rel}","templated":true}]}}