{"id":215,"date":"2024-02-25T13:35:15","date_gmt":"2024-02-25T16:35:15","guid":{"rendered":"https:\/\/sergiodamaso.com.br\/?page_id=215"},"modified":"2024-03-14T13:01:10","modified_gmt":"2024-03-14T16:01:10","slug":"a-vida","status":"publish","type":"page","link":"https:\/\/sergiodamaso.com.br\/index.php\/a-vida\/","title":{"rendered":"A VIDA"},"content":{"rendered":"\n<figure class=\"wp-block-audio\"><audio controls src=\"https:\/\/sergiodamaso.com.br\/wp-content\/uploads\/2024\/02\/A-VIDA.mp3\"><\/audio><\/figure>\n\n\n\n<p><strong><em>Mongol &amp; S\u00e9rgio D\u00e2maso<\/em><\/strong><\/p>\n\n\n\n<p>A vida n\u00e3o \u00e9 ter um teto para morar<\/p>\n\n\n\n<p>se voc\u00ea n\u00e3o v\u00ea as estrelas.<\/p>\n\n\n\n<p>A vida n\u00e3o \u00e9 viver no meio da multid\u00e3o<\/p>\n\n\n\n<p>se voc\u00ea n\u00e3o v\u00ea teus amigos.<\/p>\n\n\n\n<p>A vida n\u00e3o \u00e9 ler amor em versos simples<\/p>\n\n\n\n<p>se voc\u00ea n\u00e3o abre teu cora\u00e7\u00e3o.<\/p>\n\n\n\n<p>A vida n\u00e3o foi ontem nem ser\u00e1 o amanh\u00e3<\/p>\n\n\n\n<p>\u00e9 agora aqui nesta can\u00e7\u00e3o.<\/p>\n\n\n\n<p>Caminhe caminhe na chuva<\/p>\n\n\n\n<p>ame ame dentro do elevador<\/p>\n\n\n\n<p>corra na frente do seu tempo<\/p>\n\n\n\n<p>corra na frente, atr\u00e1s do amor.<\/p>\n\n\n\n<p>Liberte liberte tua liberdade<\/p>\n\n\n\n<p>deleite deleite o teu prazer<\/p>\n\n\n\n<p>n\u00e3o chore, sorria de verdade<\/p>\n\n\n\n<p>olhe voc\u00ea, abrace voc\u00ea.<\/p>\n","protected":false},"excerpt":{"rendered":"<p>Mongol &amp; S\u00e9rgio D\u00e2maso A vida n\u00e3o \u00e9 ter um teto para morar se voc\u00ea n\u00e3o v\u00ea as estrelas. A vida n\u00e3o \u00e9 viver no meio da multid\u00e3o se voc\u00ea n\u00e3o v\u00ea teus amigos. A vida n\u00e3o \u00e9 ler amor em versos simples se voc\u00ea n\u00e3o abre teu cora\u00e7\u00e3o. A vida n\u00e3o foi ontem nem [&hellip;]<\/p>\n","protected":false},"author":1,"featured_media":0,"parent":0,"menu_order":0,"comment_status":"closed","ping_status":"closed","template":"","meta":[],"_links":{"self":[{"href":"https:\/\/sergiodamaso.com.br\/index.php\/wp-json\/wp\/v2\/pages\/215"}],"collection":[{"href":"https:\/\/sergiodamaso.com.br\/index.php\/wp-json\/wp\/v2\/pages"}],"about":[{"href":"https:\/\/sergiodamaso.com.br\/index.php\/wp-json\/wp\/v2\/types\/page"}],"author":[{"embeddable":true,"href":"https:\/\/sergiodamaso.com.br\/index.php\/wp-json\/wp\/v2\/users\/1"}],"replies":[{"embeddable":true,"href":"https:\/\/sergiodamaso.com.br\/index.php\/wp-json\/wp\/v2\/comments?post=215"}],"version-history":[{"count":2,"href":"https:\/\/sergiodamaso.com.br\/index.php\/wp-json\/wp\/v2\/pages\/215\/revisions"}],"predecessor-version":[{"id":834,"href":"https:\/\/sergiodamaso.com.br\/index.php\/wp-json\/wp\/v2\/pages\/215\/revisions\/834"}],"wp:attachment":[{"href":"https:\/\/sergiodamaso.com.br\/index.php\/wp-json\/wp\/v2\/media?parent=215"}],"curies":[{"name":"wp","href":"https:\/\/api.w.org\/{rel}","templated":true}]}}