{"id":212,"date":"2024-02-25T13:31:36","date_gmt":"2024-02-25T16:31:36","guid":{"rendered":"https:\/\/sergiodamaso.com.br\/?page_id=212"},"modified":"2024-03-14T13:02:31","modified_gmt":"2024-03-14T16:02:31","slug":"a-solidao-da-procura-2","status":"publish","type":"page","link":"https:\/\/sergiodamaso.com.br\/index.php\/a-solidao-da-procura-2\/","title":{"rendered":"A SOLID\u00c3O PROCURA"},"content":{"rendered":"\n<figure class=\"wp-block-audio\"><audio controls src=\"https:\/\/sergiodamaso.com.br\/wp-content\/uploads\/2024\/02\/A-solidao-da-procura-4.mp3\"><\/audio><\/figure>\n\n\n\n<p><strong><em>Mongol &amp; S\u00e9rgio D\u00e2maso<\/em><\/strong><\/p>\n\n\n\n<p>Medo procurei o meu amor na lua<br>medo procurei o meu amor no sol<br>andei sobre a terra andei sob a chuva.<\/p>\n\n\n\n<p>Medo, cad\u00ea a lua? medo, cad\u00ea o sol?<br>medo, onde est\u00e1 a terra? onde est\u00e1 a chuva?<br>medo, cad\u00ea o amor que n\u00e3o aparece para mim.<\/p>\n\n\n\n<p>Sigo o apito desse trem nos trilhos da vida<br>sigo as luzes dos far\u00f3is iluminando o mar azul sem fim.<\/p>\n\n\n\n<p>N\u00e3o sei se vou encontr\u00e1-la nesse mundo<br>nos cafund\u00f3s do sil\u00eancio do sert\u00e3o<br>ou nas barrancas desse rio de leito fundo<br>que banha de l\u00e1grimas meu cora\u00e7\u00e3o.<\/p>\n\n\n\n<p>Minha poesia minhas rimas s\u00e3o primas durante o dia<br>durante a noite abrem a forquilha da solid\u00e3o<br>t\u00f4 t\u00e3o cansado que nem sei o que pensar nessa agonia<br>se meus versos ainda falam de amor e de paix\u00e3o.<\/p>\n\n\n\n<p>O medo leva o meu cora\u00e7\u00e3o<br>a pensar no que fazer<br>pra n\u00e3o morrer assim sem voc\u00ea.<\/p>\n\n\n\n<p>E eu tenho medo de viver<br>achando que ela n\u00e3o existe<br>cad\u00ea voc\u00ea meu amor eu quero voc\u00ea.<\/p>\n","protected":false},"excerpt":{"rendered":"<p>Mongol &amp; S\u00e9rgio D\u00e2maso Medo procurei o meu amor na luamedo procurei o meu amor no solandei sobre a terra andei sob a chuva. Medo, cad\u00ea a lua? medo, cad\u00ea o sol?medo, onde est\u00e1 a terra? onde est\u00e1 a chuva?medo, cad\u00ea o amor que n\u00e3o aparece para mim. Sigo o apito desse trem nos trilhos [&hellip;]<\/p>\n","protected":false},"author":1,"featured_media":0,"parent":0,"menu_order":0,"comment_status":"closed","ping_status":"closed","template":"","meta":[],"_links":{"self":[{"href":"https:\/\/sergiodamaso.com.br\/index.php\/wp-json\/wp\/v2\/pages\/212"}],"collection":[{"href":"https:\/\/sergiodamaso.com.br\/index.php\/wp-json\/wp\/v2\/pages"}],"about":[{"href":"https:\/\/sergiodamaso.com.br\/index.php\/wp-json\/wp\/v2\/types\/page"}],"author":[{"embeddable":true,"href":"https:\/\/sergiodamaso.com.br\/index.php\/wp-json\/wp\/v2\/users\/1"}],"replies":[{"embeddable":true,"href":"https:\/\/sergiodamaso.com.br\/index.php\/wp-json\/wp\/v2\/comments?post=212"}],"version-history":[{"count":4,"href":"https:\/\/sergiodamaso.com.br\/index.php\/wp-json\/wp\/v2\/pages\/212\/revisions"}],"predecessor-version":[{"id":836,"href":"https:\/\/sergiodamaso.com.br\/index.php\/wp-json\/wp\/v2\/pages\/212\/revisions\/836"}],"wp:attachment":[{"href":"https:\/\/sergiodamaso.com.br\/index.php\/wp-json\/wp\/v2\/media?parent=212"}],"curies":[{"name":"wp","href":"https:\/\/api.w.org\/{rel}","templated":true}]}}