{"id":202,"date":"2024-02-25T13:15:50","date_gmt":"2024-02-25T16:15:50","guid":{"rendered":"https:\/\/sergiodamaso.com.br\/?page_id=202"},"modified":"2024-03-14T12:32:39","modified_gmt":"2024-03-14T15:32:39","slug":"a-mulher-borboleta","status":"publish","type":"page","link":"https:\/\/sergiodamaso.com.br\/index.php\/a-mulher-borboleta\/","title":{"rendered":"A MULHER BORBOLETA"},"content":{"rendered":"\n<figure class=\"wp-block-audio\"><audio controls src=\"https:\/\/sergiodamaso.com.br\/wp-content\/uploads\/2024\/02\/A-mulher-borboleta.mp3\"><\/audio><\/figure>\n\n\n\n<p><strong><em>Mongol &amp; S\u00e9rgio D\u00e2maso<\/em><\/strong><\/p>\n\n\n\n<p>Amigo, mulher \u00e9 como uma borboleta<\/p>\n\n\n\n<p>que pousa com carinho<\/p>\n\n\n\n<p>se voc\u00ea n\u00e3o cuidar<\/p>\n\n\n\n<p>ela pode voar e n\u00e3o retornar\u00e1.<\/p>\n\n\n\n<p>Amigo, mulher \u00e9 como uma flor<\/p>\n\n\n\n<p>se n\u00e3o tocar com cuidado<\/p>\n\n\n\n<p>poder\u00e1 se espetar no espinho<\/p>\n\n\n\n<p>sem sentir o perfume guardado do amor.<\/p>\n\n\n\n<p>Amigo, \u00e9 por essas e outras<\/p>\n\n\n\n<p>que sem uma mulher n\u00e3o se pode ser<\/p>\n\n\n\n<p>que sem uma mulher n\u00e3o se pode ter<\/p>\n\n\n\n<p>indecis\u00f5es nos seus versos nem no seu cora\u00e7\u00e3o.<\/p>\n\n\n\n<p>Amigo, nem as coisas mais belas da vida<\/p>\n\n\n\n<p>s\u00e3o mais belas que o amor da mulher<\/p>\n\n\n\n<p>que s\u00f3 pede carinho cuidado e aten\u00e7\u00e3o.<\/p>\n\n\n\n<p>Meu amigo, esses versos t\u00e3o modestos s\u00e3o<\/p>\n\n\n\n<p>de quem j\u00e1 perdeu alguns amores<\/p>\n\n\n\n<p>de quem j\u00e1 sofreu os dessabores da paix\u00e3o<\/p>\n","protected":false},"excerpt":{"rendered":"<p>Mongol &amp; S\u00e9rgio D\u00e2maso Amigo, mulher \u00e9 como uma borboleta que pousa com carinho se voc\u00ea n\u00e3o cuidar ela pode voar e n\u00e3o retornar\u00e1. Amigo, mulher \u00e9 como uma flor se n\u00e3o tocar com cuidado poder\u00e1 se espetar no espinho sem sentir o perfume guardado do amor. Amigo, \u00e9 por essas e outras que sem [&hellip;]<\/p>\n","protected":false},"author":1,"featured_media":0,"parent":0,"menu_order":0,"comment_status":"closed","ping_status":"closed","template":"","meta":[],"_links":{"self":[{"href":"https:\/\/sergiodamaso.com.br\/index.php\/wp-json\/wp\/v2\/pages\/202"}],"collection":[{"href":"https:\/\/sergiodamaso.com.br\/index.php\/wp-json\/wp\/v2\/pages"}],"about":[{"href":"https:\/\/sergiodamaso.com.br\/index.php\/wp-json\/wp\/v2\/types\/page"}],"author":[{"embeddable":true,"href":"https:\/\/sergiodamaso.com.br\/index.php\/wp-json\/wp\/v2\/users\/1"}],"replies":[{"embeddable":true,"href":"https:\/\/sergiodamaso.com.br\/index.php\/wp-json\/wp\/v2\/comments?post=202"}],"version-history":[{"count":2,"href":"https:\/\/sergiodamaso.com.br\/index.php\/wp-json\/wp\/v2\/pages\/202\/revisions"}],"predecessor-version":[{"id":831,"href":"https:\/\/sergiodamaso.com.br\/index.php\/wp-json\/wp\/v2\/pages\/202\/revisions\/831"}],"wp:attachment":[{"href":"https:\/\/sergiodamaso.com.br\/index.php\/wp-json\/wp\/v2\/media?parent=202"}],"curies":[{"name":"wp","href":"https:\/\/api.w.org\/{rel}","templated":true}]}}