{"id":1025,"date":"2024-05-09T23:14:46","date_gmt":"2024-05-10T02:14:46","guid":{"rendered":"https:\/\/sergiodamaso.com.br\/?page_id=1025"},"modified":"2024-05-09T23:14:47","modified_gmt":"2024-05-10T02:14:47","slug":"a-beleza-de-ser-mae","status":"publish","type":"page","link":"https:\/\/sergiodamaso.com.br\/index.php\/a-beleza-de-ser-mae\/","title":{"rendered":"A BELEZA DE SER M\u00c3E"},"content":{"rendered":"\n<figure class=\"wp-block-audio\"><audio controls src=\"https:\/\/sergiodamaso.com.br\/wp-content\/uploads\/2024\/05\/a-beleza-de-ser-mae.mp3\"><\/audio><\/figure>\n\n\n\n<p><strong>A BELEZA DE SER M\u00c3E<\/strong><\/p>\n\n\n\n<p><strong><em>S\u00e9rgio D\u00e2maso<\/em><\/strong><\/p>\n\n\n\n<p>Vem da beleza de ser m\u00e3e<\/p>\n\n\n\n<p>a mais pura ternura<\/p>\n\n\n\n<p>o mais lindo sentimento<\/p>\n\n\n\n<p>do maior dos amores da vida.<\/p>\n\n\n\n<p>Seu acalento nos momentos dif\u00edceis<\/p>\n\n\n\n<p>parece como a beleza da flor<\/p>\n\n\n\n<p>que acalma a alma de quem<\/p>\n\n\n\n<p>a plantou no mais belo jardim.<\/p>\n\n\n\n<p>M\u00e3e! quem pode duvidar<\/p>\n\n\n\n<p>do seu amor formoso<\/p>\n\n\n\n<p>dos seus bra\u00e7os que carregaram<\/p>\n\n\n\n<p>quem mesmo n\u00e3o conhecia a flor.<\/p>\n","protected":false},"excerpt":{"rendered":"<p>A BELEZA DE SER M\u00c3E S\u00e9rgio D\u00e2maso Vem da beleza de ser m\u00e3e a mais pura ternura o mais lindo sentimento do maior dos amores da vida. Seu acalento nos momentos dif\u00edceis parece como a beleza da flor que acalma a alma de quem a plantou no mais belo jardim. M\u00e3e! quem pode duvidar do [&hellip;]<\/p>\n","protected":false},"author":1,"featured_media":0,"parent":0,"menu_order":0,"comment_status":"closed","ping_status":"closed","template":"","meta":[],"_links":{"self":[{"href":"https:\/\/sergiodamaso.com.br\/index.php\/wp-json\/wp\/v2\/pages\/1025"}],"collection":[{"href":"https:\/\/sergiodamaso.com.br\/index.php\/wp-json\/wp\/v2\/pages"}],"about":[{"href":"https:\/\/sergiodamaso.com.br\/index.php\/wp-json\/wp\/v2\/types\/page"}],"author":[{"embeddable":true,"href":"https:\/\/sergiodamaso.com.br\/index.php\/wp-json\/wp\/v2\/users\/1"}],"replies":[{"embeddable":true,"href":"https:\/\/sergiodamaso.com.br\/index.php\/wp-json\/wp\/v2\/comments?post=1025"}],"version-history":[{"count":1,"href":"https:\/\/sergiodamaso.com.br\/index.php\/wp-json\/wp\/v2\/pages\/1025\/revisions"}],"predecessor-version":[{"id":1027,"href":"https:\/\/sergiodamaso.com.br\/index.php\/wp-json\/wp\/v2\/pages\/1025\/revisions\/1027"}],"wp:attachment":[{"href":"https:\/\/sergiodamaso.com.br\/index.php\/wp-json\/wp\/v2\/media?parent=1025"}],"curies":[{"name":"wp","href":"https:\/\/api.w.org\/{rel}","templated":true}]}}