{"id":1019,"date":"2024-04-24T17:25:40","date_gmt":"2024-04-24T20:25:40","guid":{"rendered":"https:\/\/sergiodamaso.com.br\/?page_id=1019"},"modified":"2024-04-24T17:37:35","modified_gmt":"2024-04-24T20:37:35","slug":"sankofa","status":"publish","type":"page","link":"https:\/\/sergiodamaso.com.br\/index.php\/sankofa\/","title":{"rendered":"SANKOFA"},"content":{"rendered":"\n<figure class=\"wp-block-audio\"><audio controls src=\"https:\/\/sergiodamaso.com.br\/wp-content\/uploads\/2024\/04\/sankofa-2.mp3\"><\/audio><\/figure>\n\n\n\n<p>Compositores: Arlindo Carlos Silva da Paix\u00e3o<br>S\u00e9rgio Augusto D\u00e2maso de Sousa<\/p>\n\n\n\n<p>Recordar \u00e9 viver<br>Vem, vem, vem<br>Comigo na Vai-Vai<br>Minha casa \u00e9 de bamba<br>Minha madrinha \u00e9 a Imp\u00e9rio do Samba<\/p>\n\n\n\n<p>Negra \u00c1frica Adrinka<br>ANANSE diz que sou filho de rei<br>Escravo fui o pilar da Na\u00e7\u00e3o<br>D\u00e1 de volta o meu quinh\u00e3o<\/p>\n\n\n\n<p>Meu p\u00e1ssaro Sankofa \u00e9 a liberdade<br>Talhado nos port\u00f5es dessa grande cidade<br>N\u00e3o d\u00e1 pra segurar a minha emo\u00e7\u00e3o<br>Vai-Vai explode cora\u00e7\u00e3o<\/p>\n\n\n\n<p>Adrinka \u00e9 pra fazer perpetuar e desvelar<br>O que o tempo escondeu<br>Pra que eu jamais possa esquecer<br>De onde eu vim e do que \u00e9 meu<\/p>\n\n\n\n<p>As imagens do esplendor<br>Entre mares o sahel<br>A harmonia com a for\u00e7a G\u00c1<br>Vem de l\u00e1 \u2013 Mama \u00c1frica<\/p>\n\n\n\n<p>Mama \u00c1frica<br>Dom\u00ednio espiritual<br>Mama \u00c1frica<br>Vai-Vai Sankofa resist\u00eancia cultural<\/p>\n","protected":false},"excerpt":{"rendered":"<p>Compositores: Arlindo Carlos Silva da Paix\u00e3oS\u00e9rgio Augusto D\u00e2maso de Sousa Recordar \u00e9 viverVem, vem, vemComigo na Vai-VaiMinha casa \u00e9 de bambaMinha madrinha \u00e9 a Imp\u00e9rio do Samba Negra \u00c1frica AdrinkaANANSE diz que sou filho de reiEscravo fui o pilar da Na\u00e7\u00e3oD\u00e1 de volta o meu quinh\u00e3o Meu p\u00e1ssaro Sankofa \u00e9 a liberdadeTalhado nos port\u00f5es dessa [&hellip;]<\/p>\n","protected":false},"author":1,"featured_media":0,"parent":0,"menu_order":0,"comment_status":"closed","ping_status":"closed","template":"","meta":[],"_links":{"self":[{"href":"https:\/\/sergiodamaso.com.br\/index.php\/wp-json\/wp\/v2\/pages\/1019"}],"collection":[{"href":"https:\/\/sergiodamaso.com.br\/index.php\/wp-json\/wp\/v2\/pages"}],"about":[{"href":"https:\/\/sergiodamaso.com.br\/index.php\/wp-json\/wp\/v2\/types\/page"}],"author":[{"embeddable":true,"href":"https:\/\/sergiodamaso.com.br\/index.php\/wp-json\/wp\/v2\/users\/1"}],"replies":[{"embeddable":true,"href":"https:\/\/sergiodamaso.com.br\/index.php\/wp-json\/wp\/v2\/comments?post=1019"}],"version-history":[{"count":2,"href":"https:\/\/sergiodamaso.com.br\/index.php\/wp-json\/wp\/v2\/pages\/1019\/revisions"}],"predecessor-version":[{"id":1023,"href":"https:\/\/sergiodamaso.com.br\/index.php\/wp-json\/wp\/v2\/pages\/1019\/revisions\/1023"}],"wp:attachment":[{"href":"https:\/\/sergiodamaso.com.br\/index.php\/wp-json\/wp\/v2\/media?parent=1019"}],"curies":[{"name":"wp","href":"https:\/\/api.w.org\/{rel}","templated":true}]}}